{"id":4244,"date":"2025-01-27T14:40:47","date_gmt":"2025-01-27T13:40:47","guid":{"rendered":"https:\/\/myriamdarme.com\/?page_id=4244"},"modified":"2025-01-27T16:10:12","modified_gmt":"2025-01-27T15:10:12","slug":"bal-irlandais-2025","status":"publish","type":"page","link":"https:\/\/myriamdarme.com\/index.php\/bal-irlandais-2025\/","title":{"rendered":"Bal Irlandais 2025 \u00ab\u00a0Quand la musique invite \u00e0 la danse\u00a0\u00bb"},"content":{"rendered":"\n<p>De nombreuses danses font partie du r\u00e9pertoire des fl\u00fbtistes, mais il est souvent difficile de sentir la n\u00e9cessit\u00e9 des appuis et l\u2019interpr\u00e9tation ad\u00e9quate de ces pi\u00e8ces sans la r\u00e9alit\u00e9 des danseurs en mouvement. Nous avons donc pris contact avec un groupe de professionnels animant des bals de musique irlandaise\u00a0: le Groupe l\u2019Arromic C\u00e8ili Band. Notre objectif est de croiser l\u2019art musical et la danse traditionnelle irlandaise lors d\u2019une Masterclass pour permettre \u00e0 chacun de se mettre en situation de musiciens de bal et de danseurs. Nous pourrons ainsi accro\u00eetre notre perception rythmique corporelle essentielle \u00e0 l&rsquo;interpr\u00e9tation musicale tout en alliant le plaisir de partager ces musiques au public. Un temps de 2 heures l\u2019apr\u00e8s-midi anim\u00e9 par un des musiciens du groupe permet d\u2019aborder les 2 principaux aspects de la danse irlandaise\u00a0: danses de c\u00e8ili et danses de set dancing. <\/p>\n\n\n\n<figure class=\"wp-block-image size-large\"><a href=\"https:\/\/myriamdarme.com\/wp-content\/uploads\/2025\/01\/Jumelage-Coutras-26-janvier-2025-26012025-_XD_4292_DxO-7Mo-scaled.jpg\"><img loading=\"lazy\" decoding=\"async\" width=\"1024\" height=\"683\" src=\"https:\/\/myriamdarme.com\/wp-content\/uploads\/2025\/01\/Jumelage-Coutras-26-janvier-2025-26012025-_XD_4292_DxO-7Mo-1024x683.jpg\" alt=\"\" class=\"wp-image-4245\" srcset=\"https:\/\/myriamdarme.com\/wp-content\/uploads\/2025\/01\/Jumelage-Coutras-26-janvier-2025-26012025-_XD_4292_DxO-7Mo-1024x683.jpg 1024w, https:\/\/myriamdarme.com\/wp-content\/uploads\/2025\/01\/Jumelage-Coutras-26-janvier-2025-26012025-_XD_4292_DxO-7Mo-300x200.jpg 300w, https:\/\/myriamdarme.com\/wp-content\/uploads\/2025\/01\/Jumelage-Coutras-26-janvier-2025-26012025-_XD_4292_DxO-7Mo-768x512.jpg 768w, https:\/\/myriamdarme.com\/wp-content\/uploads\/2025\/01\/Jumelage-Coutras-26-janvier-2025-26012025-_XD_4292_DxO-7Mo-1536x1025.jpg 1536w, https:\/\/myriamdarme.com\/wp-content\/uploads\/2025\/01\/Jumelage-Coutras-26-janvier-2025-26012025-_XD_4292_DxO-7Mo-2048x1366.jpg 2048w, https:\/\/myriamdarme.com\/wp-content\/uploads\/2025\/01\/Jumelage-Coutras-26-janvier-2025-26012025-_XD_4292_DxO-7Mo-1140x760.jpg 1140w\" sizes=\"auto, (max-width: 1024px) 100vw, 1024px\" \/><\/a><\/figure>\n\n\n\n<p class=\"has-black-color has-text-color has-link-color wp-elements-ee786ab1ba7e2abbc90e8fe7df7b92b8\">Bal du 26 janvier 2025 \u00e0 Coutras anim\u00e9 par les fl\u00fbtistes de l&rsquo;Ensemble Traver&rsquo;sons et la classe de violons de l&rsquo;\u00e9cole de musique.\u00a0Ils \u00e9taient accompagn\u00e9s par des membres du groupe <strong><em>Arromic C\u00e8ili band<\/em><\/strong> qui ont propos\u00e9 une initiation aux pas de danse celtique ouverte \u00e0 tout public et gratuit.<\/p>\n\n\n\n<figure class=\"wp-block-image size-large is-resized\"><a href=\"https:\/\/myriamdarme.com\/wp-content\/uploads\/2025\/01\/Image-affiche-Martignas.png\"><img loading=\"lazy\" decoding=\"async\" width=\"725\" height=\"1024\" src=\"https:\/\/myriamdarme.com\/wp-content\/uploads\/2025\/01\/Image-affiche-Martignas-725x1024.png\" alt=\"\" class=\"wp-image-4249\" style=\"width:401px;height:auto\" srcset=\"https:\/\/myriamdarme.com\/wp-content\/uploads\/2025\/01\/Image-affiche-Martignas-725x1024.png 725w, https:\/\/myriamdarme.com\/wp-content\/uploads\/2025\/01\/Image-affiche-Martignas-212x300.png 212w, https:\/\/myriamdarme.com\/wp-content\/uploads\/2025\/01\/Image-affiche-Martignas-768x1085.png 768w, https:\/\/myriamdarme.com\/wp-content\/uploads\/2025\/01\/Image-affiche-Martignas-1087x1536.png 1087w, https:\/\/myriamdarme.com\/wp-content\/uploads\/2025\/01\/Image-affiche-Martignas-1140x1610.png 1140w, https:\/\/myriamdarme.com\/wp-content\/uploads\/2025\/01\/Image-affiche-Martignas.png 1384w\" sizes=\"auto, (max-width: 725px) 100vw, 725px\" \/><\/a><\/figure>\n\n\n\n<figure class=\"wp-block-gallery has-nested-images columns-default is-cropped wp-block-gallery-1 is-layout-flex wp-block-gallery-is-layout-flex\"><\/figure>\n\n\n\n<p><\/p>\n","protected":false},"excerpt":{"rendered":"<p>De nombreuses danses font partie du r\u00e9pertoire des fl\u00fbtistes, mais il est souvent difficile de sentir la n\u00e9cessit\u00e9 des appuis et l\u2019interpr\u00e9tation ad\u00e9quate de ces pi\u00e8ces sans la r\u00e9alit\u00e9 des danseurs en mouvement. Nous avons donc pris contact avec un groupe de professionnels animant des bals de musique irlandaise\u00a0: le Groupe l\u2019Arromic C\u00e8ili Band. Notre<span class=\"excerpt-ellipsis\">&#8230;<\/span><\/p>\n<p><a class=\"more-link\" href=\"https:\/\/myriamdarme.com\/index.php\/bal-irlandais-2025\/\" itemprop=\"url\">Continue Reading<\/a><\/p>\n","protected":false},"author":1,"featured_media":0,"parent":0,"menu_order":0,"comment_status":"closed","ping_status":"closed","template":"","meta":{"footnotes":""},"class_list":["post-4244","page","type-page","status-publish","hentry"],"_links":{"self":[{"href":"https:\/\/myriamdarme.com\/index.php\/wp-json\/wp\/v2\/pages\/4244","targetHints":{"allow":["GET"]}}],"collection":[{"href":"https:\/\/myriamdarme.com\/index.php\/wp-json\/wp\/v2\/pages"}],"about":[{"href":"https:\/\/myriamdarme.com\/index.php\/wp-json\/wp\/v2\/types\/page"}],"author":[{"embeddable":true,"href":"https:\/\/myriamdarme.com\/index.php\/wp-json\/wp\/v2\/users\/1"}],"replies":[{"embeddable":true,"href":"https:\/\/myriamdarme.com\/index.php\/wp-json\/wp\/v2\/comments?post=4244"}],"version-history":[{"count":3,"href":"https:\/\/myriamdarme.com\/index.php\/wp-json\/wp\/v2\/pages\/4244\/revisions"}],"predecessor-version":[{"id":4250,"href":"https:\/\/myriamdarme.com\/index.php\/wp-json\/wp\/v2\/pages\/4244\/revisions\/4250"}],"wp:attachment":[{"href":"https:\/\/myriamdarme.com\/index.php\/wp-json\/wp\/v2\/media?parent=4244"}],"curies":[{"name":"wp","href":"https:\/\/api.w.org\/{rel}","templated":true}]}}