{"id":4169,"date":"2023-11-21T22:54:20","date_gmt":"2023-11-21T21:54:20","guid":{"rendered":"https:\/\/myriamdarme.com\/?page_id=4169"},"modified":"2024-07-14T17:35:33","modified_gmt":"2024-07-14T16:35:33","slug":"traversons-fait-son-cinema-projet-2023-2024","status":"publish","type":"page","link":"https:\/\/myriamdarme.com\/index.php\/traversons-fait-son-cinema-projet-2023-2024\/","title":{"rendered":"Traver&rsquo;sons fait son cin\u00e9ma&#8230; Projet 2023\/2024"},"content":{"rendered":"<div class=\"wp-block-image\">\n<figure class=\"aligncenter size-large is-resized\"><a href=\"https:\/\/myriamdarme.com\/wp-content\/uploads\/2023\/11\/Image.png\"><img loading=\"lazy\" decoding=\"async\" width=\"709\" height=\"1024\" src=\"https:\/\/myriamdarme.com\/wp-content\/uploads\/2023\/11\/Image-709x1024.png\" alt=\"\" class=\"wp-image-4170\" style=\"aspect-ratio:0.6923828125;width:485px;height:auto\" srcset=\"https:\/\/myriamdarme.com\/wp-content\/uploads\/2023\/11\/Image-709x1024.png 709w, https:\/\/myriamdarme.com\/wp-content\/uploads\/2023\/11\/Image-208x300.png 208w, https:\/\/myriamdarme.com\/wp-content\/uploads\/2023\/11\/Image.png 720w\" sizes=\"auto, (max-width: 709px) 100vw, 709px\" \/><\/a><\/figure><\/div>\n\n\n<figure class=\"wp-block-gallery has-nested-images columns-default is-cropped wp-block-gallery-1 is-layout-flex wp-block-gallery-is-layout-flex\">\n<figure class=\"wp-block-image size-large\"><a href=\"https:\/\/myriamdarme.com\/wp-content\/uploads\/2024\/07\/Traversons-fait-son-cinema-Coutras-28janv2024-28012024-_XD_8161_DxO.jpg\"><img decoding=\"async\" data-id=\"4220\" src=\"https:\/\/myriamdarme.com\/wp-content\/uploads\/2024\/07\/Traversons-fait-son-cinema-Coutras-28janv2024-28012024-_XD_8161_DxO.jpg\" alt=\"\" class=\"wp-image-4220\"\/><\/a><figcaption class=\"wp-element-caption\">Jumelage \u00e9coles de musique fl\u00fbtes et guitare Coutras, Martignas &amp; Marcheprime 28 janvier 2024 Salle Le Sully Coutras<\/figcaption><\/figure>\n\n\n\n<figure class=\"wp-block-image size-large\"><a href=\"https:\/\/myriamdarme.com\/wp-content\/uploads\/2024\/07\/Traversons-fait-son-cinema-Coutras-28janv2024-28012024-_XD_8200_DxO.jpg\"><img decoding=\"async\" data-id=\"4218\" src=\"https:\/\/myriamdarme.com\/wp-content\/uploads\/2024\/07\/Traversons-fait-son-cinema-Coutras-28janv2024-28012024-_XD_8200_DxO.jpg\" alt=\"\" class=\"wp-image-4218\"\/><\/a><figcaption class=\"wp-element-caption\">Jumelage \u00e9coles de musique fl\u00fbtes et guitare Coutras, Martignas &amp; Marcheprime 28 janvier 2024 Salle Le Sully Coutras<\/figcaption><\/figure>\n\n\n\n<figure class=\"wp-block-image size-large\"><a href=\"https:\/\/myriamdarme.com\/wp-content\/uploads\/2024\/07\/Traversons-fait-son-cinema-Coutras-28janv2024-28012024-_XD_8168_DxO.jpg\"><img decoding=\"async\" data-id=\"4219\" src=\"https:\/\/myriamdarme.com\/wp-content\/uploads\/2024\/07\/Traversons-fait-son-cinema-Coutras-28janv2024-28012024-_XD_8168_DxO.jpg\" alt=\"\" class=\"wp-image-4219\"\/><\/a><figcaption class=\"wp-element-caption\">Jumelage \u00e9coles de musique fl\u00fbtes et guitare Coutras, Martignas &amp; Marcheprime 28 janvier 2024 Salle Le Sully Coutras<\/figcaption><\/figure>\n\n\n\n<figure class=\"wp-block-image size-large\"><a href=\"https:\/\/myriamdarme.com\/wp-content\/uploads\/2024\/07\/Traversons-fait-son-cinema-Coutras-28janv2024-28012024-_XD_8129_DxO-scaled.jpg\"><img loading=\"lazy\" decoding=\"async\" width=\"1872\" height=\"2560\" data-id=\"4217\" src=\"https:\/\/myriamdarme.com\/wp-content\/uploads\/2024\/07\/Traversons-fait-son-cinema-Coutras-28janv2024-28012024-_XD_8129_DxO-scaled.jpg\" alt=\"\" class=\"wp-image-4217\" srcset=\"https:\/\/myriamdarme.com\/wp-content\/uploads\/2024\/07\/Traversons-fait-son-cinema-Coutras-28janv2024-28012024-_XD_8129_DxO-scaled.jpg 1872w, https:\/\/myriamdarme.com\/wp-content\/uploads\/2024\/07\/Traversons-fait-son-cinema-Coutras-28janv2024-28012024-_XD_8129_DxO-219x300.jpg 219w\" sizes=\"auto, (max-width: 1872px) 100vw, 1872px\" \/><\/a><figcaption class=\"wp-element-caption\">Jumelage \u00e9coles de musique fl\u00fbtes et guitare Coutras, Martignas &amp; Marcheprime 28 janvier 2024 Salle Le Sully Coutras<\/figcaption><\/figure>\n\n\n\n<figure class=\"wp-block-image size-large\"><a href=\"https:\/\/myriamdarme.com\/wp-content\/uploads\/2024\/07\/Traversons-fait-son-cinema-Coutras-28janv2024-28012024-_XD_8157_DxO-scaled.jpg\"><img loading=\"lazy\" decoding=\"async\" width=\"1024\" height=\"683\" data-id=\"4216\" src=\"https:\/\/myriamdarme.com\/wp-content\/uploads\/2024\/07\/Traversons-fait-son-cinema-Coutras-28janv2024-28012024-_XD_8157_DxO-1024x683.jpg\" alt=\"\" class=\"wp-image-4216\" srcset=\"https:\/\/myriamdarme.com\/wp-content\/uploads\/2024\/07\/Traversons-fait-son-cinema-Coutras-28janv2024-28012024-_XD_8157_DxO-1024x683.jpg 1024w, https:\/\/myriamdarme.com\/wp-content\/uploads\/2024\/07\/Traversons-fait-son-cinema-Coutras-28janv2024-28012024-_XD_8157_DxO-300x200.jpg 300w, https:\/\/myriamdarme.com\/wp-content\/uploads\/2024\/07\/Traversons-fait-son-cinema-Coutras-28janv2024-28012024-_XD_8157_DxO-768x512.jpg 768w, https:\/\/myriamdarme.com\/wp-content\/uploads\/2024\/07\/Traversons-fait-son-cinema-Coutras-28janv2024-28012024-_XD_8157_DxO-1536x1025.jpg 1536w\" sizes=\"auto, (max-width: 1024px) 100vw, 1024px\" \/><\/a><figcaption class=\"wp-element-caption\">Jumelage \u00e9coles de musique fl\u00fbtes et guitare Coutras, Martignas &amp; Marcheprime 28 janvier 2024 Salle Le Sully Coutras<\/figcaption><\/figure>\n<\/figure>\n\n\n\n<figure class=\"wp-block-gallery has-nested-images columns-default is-cropped wp-block-gallery-2 is-layout-flex wp-block-gallery-is-layout-flex\">\n<figure class=\"wp-block-image size-large\"><a href=\"https:\/\/myriamdarme.com\/wp-content\/uploads\/2024\/07\/Traversons-fait-son-cinema-Martignas-11022024-_XD_9429_DxO-7Mo-scaled.jpg\"><img loading=\"lazy\" decoding=\"async\" width=\"1024\" height=\"292\" data-id=\"4223\" src=\"https:\/\/myriamdarme.com\/wp-content\/uploads\/2024\/07\/Traversons-fait-son-cinema-Martignas-11022024-_XD_9429_DxO-7Mo-1024x292.jpg\" alt=\"\" class=\"wp-image-4223\" srcset=\"https:\/\/myriamdarme.com\/wp-content\/uploads\/2024\/07\/Traversons-fait-son-cinema-Martignas-11022024-_XD_9429_DxO-7Mo-1024x292.jpg 1024w, https:\/\/myriamdarme.com\/wp-content\/uploads\/2024\/07\/Traversons-fait-son-cinema-Martignas-11022024-_XD_9429_DxO-7Mo-300x85.jpg 300w, https:\/\/myriamdarme.com\/wp-content\/uploads\/2024\/07\/Traversons-fait-son-cinema-Martignas-11022024-_XD_9429_DxO-7Mo-768x219.jpg 768w, https:\/\/myriamdarme.com\/wp-content\/uploads\/2024\/07\/Traversons-fait-son-cinema-Martignas-11022024-_XD_9429_DxO-7Mo-1536x437.jpg 1536w, https:\/\/myriamdarme.com\/wp-content\/uploads\/2024\/07\/Traversons-fait-son-cinema-Martignas-11022024-_XD_9429_DxO-7Mo-2048x583.jpg 2048w, https:\/\/myriamdarme.com\/wp-content\/uploads\/2024\/07\/Traversons-fait-son-cinema-Martignas-11022024-_XD_9429_DxO-7Mo-1140x325.jpg 1140w\" sizes=\"auto, (max-width: 1024px) 100vw, 1024px\" \/><\/a><\/figure>\n\n\n\n<figure class=\"wp-block-image size-large\"><a href=\"https:\/\/myriamdarme.com\/wp-content\/uploads\/2024\/07\/Traversons-fait-son-cinema-Martignas-11022024-_XD_9473_DxO-7Mo-scaled.jpg\"><img loading=\"lazy\" decoding=\"async\" width=\"1024\" height=\"1024\" data-id=\"4224\" src=\"https:\/\/myriamdarme.com\/wp-content\/uploads\/2024\/07\/Traversons-fait-son-cinema-Martignas-11022024-_XD_9473_DxO-7Mo-1024x1024.jpg\" alt=\"\" class=\"wp-image-4224\" srcset=\"https:\/\/myriamdarme.com\/wp-content\/uploads\/2024\/07\/Traversons-fait-son-cinema-Martignas-11022024-_XD_9473_DxO-7Mo-1024x1024.jpg 1024w, https:\/\/myriamdarme.com\/wp-content\/uploads\/2024\/07\/Traversons-fait-son-cinema-Martignas-11022024-_XD_9473_DxO-7Mo-300x300.jpg 300w, https:\/\/myriamdarme.com\/wp-content\/uploads\/2024\/07\/Traversons-fait-son-cinema-Martignas-11022024-_XD_9473_DxO-7Mo-150x150.jpg 150w, https:\/\/myriamdarme.com\/wp-content\/uploads\/2024\/07\/Traversons-fait-son-cinema-Martignas-11022024-_XD_9473_DxO-7Mo-768x768.jpg 768w, https:\/\/myriamdarme.com\/wp-content\/uploads\/2024\/07\/Traversons-fait-son-cinema-Martignas-11022024-_XD_9473_DxO-7Mo-1536x1536.jpg 1536w, https:\/\/myriamdarme.com\/wp-content\/uploads\/2024\/07\/Traversons-fait-son-cinema-Martignas-11022024-_XD_9473_DxO-7Mo-2048x2048.jpg 2048w, https:\/\/myriamdarme.com\/wp-content\/uploads\/2024\/07\/Traversons-fait-son-cinema-Martignas-11022024-_XD_9473_DxO-7Mo-1140x1140.jpg 1140w\" sizes=\"auto, (max-width: 1024px) 100vw, 1024px\" \/><\/a><\/figure>\n\n\n\n<figure class=\"wp-block-image size-large\"><a href=\"https:\/\/myriamdarme.com\/wp-content\/uploads\/2024\/07\/Traversons-fait-son-cinema-Martignas-11022024-_XD_9635_DxO-7Mo-scaled.jpg\"><img loading=\"lazy\" decoding=\"async\" width=\"1024\" height=\"683\" data-id=\"4225\" src=\"https:\/\/myriamdarme.com\/wp-content\/uploads\/2024\/07\/Traversons-fait-son-cinema-Martignas-11022024-_XD_9635_DxO-7Mo-1024x683.jpg\" alt=\"\" class=\"wp-image-4225\" srcset=\"https:\/\/myriamdarme.com\/wp-content\/uploads\/2024\/07\/Traversons-fait-son-cinema-Martignas-11022024-_XD_9635_DxO-7Mo-1024x683.jpg 1024w, https:\/\/myriamdarme.com\/wp-content\/uploads\/2024\/07\/Traversons-fait-son-cinema-Martignas-11022024-_XD_9635_DxO-7Mo-300x200.jpg 300w, https:\/\/myriamdarme.com\/wp-content\/uploads\/2024\/07\/Traversons-fait-son-cinema-Martignas-11022024-_XD_9635_DxO-7Mo-768x512.jpg 768w, https:\/\/myriamdarme.com\/wp-content\/uploads\/2024\/07\/Traversons-fait-son-cinema-Martignas-11022024-_XD_9635_DxO-7Mo-1536x1024.jpg 1536w, https:\/\/myriamdarme.com\/wp-content\/uploads\/2024\/07\/Traversons-fait-son-cinema-Martignas-11022024-_XD_9635_DxO-7Mo-2048x1366.jpg 2048w, https:\/\/myriamdarme.com\/wp-content\/uploads\/2024\/07\/Traversons-fait-son-cinema-Martignas-11022024-_XD_9635_DxO-7Mo-1140x760.jpg 1140w\" sizes=\"auto, (max-width: 1024px) 100vw, 1024px\" \/><\/a><\/figure>\n<\/figure>\n\n\n\n<p>D\u00e8s les d\u00e9buts du 7<sup>\u00e8me<\/sup> art, de grands compositeurs (St Sa\u00ebns, Milhaud, Stravinsky, Satie \u2026) mettent leur talent au service du cin\u00e9ma. La musique devient indissociable de l\u2019image, elle contribue \u00e0 la narration, accompagne l\u2019\u00e9motion et l\u2019action. Les th\u00e8mes musicaux de certains films deviennent de grands succ\u00e8s.<\/p>\n\n\n\n<p>Les \u00e9l\u00e8ves des classes de fl\u00fbtes, de guitares et de percussions de Coutras, Martignas sur Jalle et Marcheprime, regroup\u00e9s au sein de l\u2019orchestre \u00ab&nbsp;Traver\u2019sons&nbsp;\u00bb vous entrainent dans un grand feed-back des musiques de films pour votre plus grand bonheur.<\/p>\n\n\n\n<p>Ce spectacle musical, organis\u00e9 par l\u2019\u00e9cole de musique, est destin\u00e9 \u00e0 un public de tous \u00e2ges.<\/p>\n\n\n\n<p class=\"has-text-align-center has-pale-cyan-blue-background-color has-background\"><strong>A tous les musiciens, voici les pistes sons pour vous aider \u00e0 travailler les morceaux : <\/strong><\/p>\n\n\n\n<p class=\"has-text-align-center has-pale-cyan-blue-background-color has-background\"><strong>Amusez-vous bien !<\/strong><\/p>\n\n\n\n<div class=\"wp-block-file\"><a id=\"wp-block-file--media-74d707fe-a3dd-467d-8bd4-d1f3b8d24543\" href=\"https:\/\/myriamdarme.com\/wp-content\/uploads\/2023\/11\/Elephant-Man-Ens-flutes-guitares.mp3\">Elephant-Man-Ens-flutes-guitares<\/a><a href=\"https:\/\/myriamdarme.com\/wp-content\/uploads\/2023\/11\/Elephant-Man-Ens-flutes-guitares.mp3\" class=\"wp-block-file__button wp-element-button\" download aria-describedby=\"wp-block-file--media-74d707fe-a3dd-467d-8bd4-d1f3b8d24543\">T\u00e9l\u00e9charger<\/a><\/div>\n\n\n\n<div class=\"wp-block-file\"><a id=\"wp-block-file--media-33393958-9cb4-4c60-9f87-8312fe89606d\" href=\"https:\/\/myriamdarme.com\/wp-content\/uploads\/2023\/11\/En-reve-Le-Seigneur-des-anneaux-guitare-et-flutes.mp3\">En-reve-Le-Seigneur-des-anneaux-guitare-et-flutes<\/a><a href=\"https:\/\/myriamdarme.com\/wp-content\/uploads\/2023\/11\/En-reve-Le-Seigneur-des-anneaux-guitare-et-flutes.mp3\" class=\"wp-block-file__button wp-element-button\" download aria-describedby=\"wp-block-file--media-33393958-9cb4-4c60-9f87-8312fe89606d\">T\u00e9l\u00e9charger<\/a><\/div>\n\n\n\n<div class=\"wp-block-file\"><a id=\"wp-block-file--media-921f60e0-cb09-4183-877c-8bca12ed81b1\" href=\"https:\/\/myriamdarme.com\/wp-content\/uploads\/2023\/11\/Jean-de-Florette-ensemble-flute-guitare.mp3\">Jean-de-Florette-ensemble-flute-guitare<\/a><a href=\"https:\/\/myriamdarme.com\/wp-content\/uploads\/2023\/11\/Jean-de-Florette-ensemble-flute-guitare.mp3\" class=\"wp-block-file__button wp-element-button\" download aria-describedby=\"wp-block-file--media-921f60e0-cb09-4183-877c-8bca12ed81b1\">T\u00e9l\u00e9charger<\/a><\/div>\n\n\n\n<div class=\"wp-block-file\"><a id=\"wp-block-file--media-e3524559-a371-4c92-905d-1405ee95b573\" href=\"https:\/\/myriamdarme.com\/wp-content\/uploads\/2023\/11\/Game-of-Thrones-duo-flute-guitare.mp3\">Game-of-Thrones-duo-flute-guitare<\/a><a href=\"https:\/\/myriamdarme.com\/wp-content\/uploads\/2023\/11\/Game-of-Thrones-duo-flute-guitare.mp3\" class=\"wp-block-file__button wp-element-button\" download aria-describedby=\"wp-block-file--media-e3524559-a371-4c92-905d-1405ee95b573\">T\u00e9l\u00e9charger<\/a><\/div>\n\n\n\n<div class=\"wp-block-file\"><a id=\"wp-block-file--media-bb4a4cc4-4f0e-4513-bbf1-b38d5fc55f4c\" href=\"https:\/\/myriamdarme.com\/wp-content\/uploads\/2023\/11\/Le-grand-blond-avec-une-chaussure-noire-guitare-et-flute.mp3\">Le-grand-blond-avec-une-chaussure-noire-guitare-et-flute<\/a><a href=\"https:\/\/myriamdarme.com\/wp-content\/uploads\/2023\/11\/Le-grand-blond-avec-une-chaussure-noire-guitare-et-flute.mp3\" class=\"wp-block-file__button wp-element-button\" download aria-describedby=\"wp-block-file--media-bb4a4cc4-4f0e-4513-bbf1-b38d5fc55f4c\">T\u00e9l\u00e9charger<\/a><\/div>\n\n\n\n<div class=\"wp-block-file\"><a id=\"wp-block-file--media-c291904e-9af7-4b49-8cf3-fa61c9f863e3\" href=\"https:\/\/myriamdarme.com\/wp-content\/uploads\/2023\/11\/Victory-Celebration-Star-wars-ensemble-flute-guitare.mp3\">Victory Celebration Star wars ensemble fl\u00fbte guitare<\/a><a href=\"https:\/\/myriamdarme.com\/wp-content\/uploads\/2023\/11\/Victory-Celebration-Star-wars-ensemble-flute-guitare.mp3\" class=\"wp-block-file__button wp-element-button\" download aria-describedby=\"wp-block-file--media-c291904e-9af7-4b49-8cf3-fa61c9f863e3\">T\u00e9l\u00e9charger<\/a><\/div>\n\n\n\n<div class=\"wp-block-file\"><a id=\"wp-block-file--media-be895ac9-c893-4317-b0ea-8d94b1dc2a13\" href=\"https:\/\/myriamdarme.com\/wp-content\/uploads\/2023\/11\/My-heart-will-go-on-Titanic-ense-flute-guitare-piano.mp3\">My-heart-will-go-on-Titanic-ense-flute-guitare-piano<\/a><a href=\"https:\/\/myriamdarme.com\/wp-content\/uploads\/2023\/11\/My-heart-will-go-on-Titanic-ense-flute-guitare-piano.mp3\" class=\"wp-block-file__button wp-element-button\" download aria-describedby=\"wp-block-file--media-be895ac9-c893-4317-b0ea-8d94b1dc2a13\">T\u00e9l\u00e9charger<\/a><\/div>\n\n\n\n<div class=\"wp-block-file\"><a id=\"wp-block-file--media-11083598-bc99-4948-bfea-08937853285e\" href=\"https:\/\/myriamdarme.com\/wp-content\/uploads\/2023\/11\/Medley-Jo-Hisaishiense-flutes-guitare.mp3\">Medley-Jo-Hisaishiense-flutes-guitare<\/a><a href=\"https:\/\/myriamdarme.com\/wp-content\/uploads\/2023\/11\/Medley-Jo-Hisaishiense-flutes-guitare.mp3\" class=\"wp-block-file__button wp-element-button\" download aria-describedby=\"wp-block-file--media-11083598-bc99-4948-bfea-08937853285e\">T\u00e9l\u00e9charger<\/a><\/div>\n\n\n\n<div class=\"wp-block-file\"><a id=\"wp-block-file--media-161105de-5a15-4f02-8d58-a4581622f84b\" href=\"https:\/\/myriamdarme.com\/wp-content\/uploads\/2023\/11\/Medley-Disney-ensemble-flute-et-guitare.mp3\">Medley-Disney-ensemble-flute-et-guitare<\/a><a href=\"https:\/\/myriamdarme.com\/wp-content\/uploads\/2023\/11\/Medley-Disney-ensemble-flute-et-guitare.mp3\" class=\"wp-block-file__button wp-element-button\" download aria-describedby=\"wp-block-file--media-161105de-5a15-4f02-8d58-a4581622f84b\">T\u00e9l\u00e9charger<\/a><\/div>\n","protected":false},"excerpt":{"rendered":"<p>D\u00e8s les d\u00e9buts du 7\u00e8me art, de grands compositeurs (St Sa\u00ebns, Milhaud, Stravinsky, Satie \u2026) mettent leur talent au service du cin\u00e9ma. La musique devient indissociable de l\u2019image, elle contribue \u00e0 la narration, accompagne l\u2019\u00e9motion et l\u2019action. Les th\u00e8mes musicaux de certains films deviennent de grands succ\u00e8s. Les \u00e9l\u00e8ves des classes de fl\u00fbtes, de guitares<span class=\"excerpt-ellipsis\">&#8230;<\/span><\/p>\n<p><a class=\"more-link\" href=\"https:\/\/myriamdarme.com\/index.php\/traversons-fait-son-cinema-projet-2023-2024\/\" itemprop=\"url\">Continue Reading<\/a><\/p>\n","protected":false},"author":1,"featured_media":0,"parent":0,"menu_order":0,"comment_status":"closed","ping_status":"closed","template":"","meta":{"footnotes":""},"class_list":["post-4169","page","type-page","status-publish","hentry"],"_links":{"self":[{"href":"https:\/\/myriamdarme.com\/index.php\/wp-json\/wp\/v2\/pages\/4169","targetHints":{"allow":["GET"]}}],"collection":[{"href":"https:\/\/myriamdarme.com\/index.php\/wp-json\/wp\/v2\/pages"}],"about":[{"href":"https:\/\/myriamdarme.com\/index.php\/wp-json\/wp\/v2\/types\/page"}],"author":[{"embeddable":true,"href":"https:\/\/myriamdarme.com\/index.php\/wp-json\/wp\/v2\/users\/1"}],"replies":[{"embeddable":true,"href":"https:\/\/myriamdarme.com\/index.php\/wp-json\/wp\/v2\/comments?post=4169"}],"version-history":[{"count":5,"href":"https:\/\/myriamdarme.com\/index.php\/wp-json\/wp\/v2\/pages\/4169\/revisions"}],"predecessor-version":[{"id":4226,"href":"https:\/\/myriamdarme.com\/index.php\/wp-json\/wp\/v2\/pages\/4169\/revisions\/4226"}],"wp:attachment":[{"href":"https:\/\/myriamdarme.com\/index.php\/wp-json\/wp\/v2\/media?parent=4169"}],"curies":[{"name":"wp","href":"https:\/\/api.w.org\/{rel}","templated":true}]}}