{"id":39,"date":"2015-08-31T10:37:16","date_gmt":"2015-08-31T09:37:16","guid":{"rendered":"http:\/\/192.168.1.55\/wordpress\/?page_id=39"},"modified":"2019-03-29T10:56:23","modified_gmt":"2019-03-29T09:56:23","slug":"traversees","status":"publish","type":"page","link":"https:\/\/myriamdarme.com\/index.php\/traversees\/","title":{"rendered":"Travers\u00e9es"},"content":{"rendered":"<p><img decoding=\"async\" style=\"width: 100%; margin-top: -10pt;\" src=\"..\/wp-content\/uploads\/2015\/08\/05082015_DSC5936_DxOV10P.dng_.jpg\" alt=\"Concert travers\u00e9es\" \/><\/p>\n<h1 class=\"entry-title\">Travers\u00e9es<\/h1>\n<p>Myriam et Maia Darm\u00e9 partagent une m\u00eame passion pour l\u2019arrangement et forment ensemble le duo fl\u00fbte et harpe Travers\u00e9es.<\/p>\n<p>Maia Darm\u00e9 (harpe) (voir <a href=\"http:\/\/www.maiadarme.com\/fr\/\" target=\"_blank\" rel=\"noopener\"> son site web <\/a>)<\/p>\n<p>Maia Darm\u00e9 est une harpiste fran\u00e7aise reconnue pour son jeu virtuose, puissant et expressif. Repr\u00e9sentante d\u2019une jeune g\u00e9n\u00e9ration d\u2019ambassadeurs de la harpe, elle a fait conna\u00eetre son instrument \u00e0 de nouvelles audiences, l\u2019entra\u00eenant \u00e0 la crois\u00e9e des genres et soutenant la cr\u00e9ation d\u2019un r\u00e9pertoire contemporain. Elle a jou\u00e9 en soliste ou chambriste dans plus de vingt pays et est r\u00e9guli\u00e8rement invit\u00e9e \u00e0 se produire sur tous les continents.<\/p>\n<p>Elle commence la harpe celtique en Bretagne avant de poursuivre une formation classique dans les conservatoires d\u2019Epinal, de Bordeaux et de Paris. 1er Prix du Concours international de l&rsquo;UFAM \u00e0 l&rsquo;unanimit\u00e9 avec les f\u00e9licitations du jury \u00e0 9 ans, elle b\u00e9n\u00e9ficie de l\u2019enseignement des plus grands noms de la harpe. En Australie, elle se perfectionne en Bachelor aupr\u00e8s d\u2019Alice Giles et rejoint le tr\u00e8s appr\u00e9ci\u00e9 Seven Harp Ensemble (SHE). A New York, elle poursuit en Master des \u00e9tudes de composition \u00e0 Columbia University, s\u2019immerge dans la musique \u00e9lectroacoustique au Computer Music Center. Laure\u0301ate du prix Arts Initiative de la fondation Gatsby, elle y travaille \u00e9galement avec des compositeurs \u00e9mergents, cr\u00e9ant les \u0153uvres pour harpe qu\u2019ils lui d\u00e9dient.. Arrangeuse prolixe, ses pi\u00e8ces pour harpe sont publi\u00e9es chez Prof Editions et SMP Press.<\/p>\n<p>En tant que soliste classique, elle collabore avec des orchestres comme l\u2019Orchestre National de la Radio d\u2019Ukraine, l\u2019Orchestre Philharmonique du Maroc, l\u2019Orchestre Symphonique Tunisien, l\u2019Orchestre National de R\u00e9publique Dominicaine, le Secession Orchestra, l\u2019Orchestre Henri IV. Mais elle se passionne aussi pour les projets artistiques les plus surprenants et a partag\u00e9 la sc\u00e8ne avec des troupes de th\u00e9\u00e2tre ou des compagnies de danse. Elle navigue avec facilit\u00e9 entre harpes anciennes et harpes \u00e9lectriques, jouant notamment au sein de groupes de rock, hip-hop, reggae, electro exp\u00e9rimentale et jazz comme d\u2019ensembles de musiques du monde. Elle est \u00e9galement dipl\u00f4m\u00e9e de Sciences Po Paris.<\/p>\n<h4 class=\"entry-title\">Nos concerts<\/h4>\n<p>Le 15 Ao\u00fbt 2015 \u00e0 L\u00e8ge Cap-Ferret : Eglise Notre-Dame des Flots<\/p>\n<p><a href=\"..\/wp-content\/uploads\/2015\/08\/Affiche-2-Travers\u00e9es-15Aout2015-Italique-v2.jpg\"><img loading=\"lazy\" decoding=\"async\" class=\"alignnone size-medium wp-image-11\" src=\"http:\/\/192.168.1.55\/wordpress\/wp-content\/uploads\/2015\/08\/Affiche-2-Travers\u00e9es-15Aout2015-Italique-v2-212x300.jpg\" alt=\"Affiche 2 Travers\u00e9es 15Aout2015 Italique v2\" width=\"212\" height=\"300\" srcset=\"https:\/\/myriamdarme.com\/wp-content\/uploads\/2015\/08\/Affiche-2-Travers\u00e9es-15Aout2015-Italique-v2-212x300.jpg 212w, https:\/\/myriamdarme.com\/wp-content\/uploads\/2015\/08\/Affiche-2-Travers\u00e9es-15Aout2015-Italique-v2-724x1024.jpg 724w, https:\/\/myriamdarme.com\/wp-content\/uploads\/2015\/08\/Affiche-2-Travers\u00e9es-15Aout2015-Italique-v2.jpg 1754w\" sizes=\"auto, (max-width: 212px) 100vw, 212px\" \/><\/a><\/p>\n<h4 class=\"entry-title\">Nos publications<\/h4>\n<p><a href=\"..\/wp-content\/uploads\/2015\/09\/image_arrangement_marcheturque.png\"><img loading=\"lazy\" decoding=\"async\" class=\"alignnone size-medium wp-image-321\" src=\"http:\/\/192.168.1.55\/wordpress\/wp-content\/uploads\/2015\/09\/image_arrangement_marcheturque-300x210.png\" alt=\"image_arrangement_marcheturque\" width=\"300\" height=\"210\" \/><\/a><\/p>\n<p><a href=\"http:\/\/www.profs-edition.com?ap_id=maiadarme\" target=\"_blank\" rel=\"noopener\">Profs Edition<\/a> vient de publier l&rsquo;arrangement pour duo fl\u00fbte et harpe par Myriam et Maia Darm\u00e9 de la c\u00e9l\u00e8bre Marche Turque de Mozart. <a href=\"http:\/\/www.profs-edition.com\/partition-musique-de-chambre\/partition-pdf-flute-harpe\/partition-pdf-la-marche-turque\/?ap_id=maiadarme\" target=\"_blank\" rel=\"noopener\">Cliquez ici<\/a> pour commander la partition en format pdf. Myriam et Maia Darm\u00e9 forment ensemble <a href=\"https:\/\/www.youtube.com\/watch?v=30EhGIy5fu4\" target=\"_blank\" rel=\"noopener\">le duo fl\u00fbte et harpe Travers\u00e9es<\/a> et ont collabor\u00e9 sur de nombreux arrangements \u00e0 paraitre prochainement.<\/p>\n","protected":false},"excerpt":{"rendered":"<p>Travers\u00e9es Myriam et Maia Darm\u00e9 partagent une m\u00eame passion pour l\u2019arrangement et forment ensemble le duo fl\u00fbte et harpe Travers\u00e9es. Maia Darm\u00e9 (harpe) (voir son site web ) Maia Darm\u00e9 est une harpiste fran\u00e7aise reconnue pour son jeu virtuose, puissant et expressif. Repr\u00e9sentante d\u2019une jeune g\u00e9n\u00e9ration d\u2019ambassadeurs de la harpe, elle a fait conna\u00eetre son<span class=\"excerpt-ellipsis\">&#8230;<\/span><\/p>\n<p><a class=\"more-link\" href=\"https:\/\/myriamdarme.com\/index.php\/traversees\/\" itemprop=\"url\">Continue Reading<\/a><\/p>\n","protected":false},"author":1,"featured_media":0,"parent":0,"menu_order":0,"comment_status":"closed","ping_status":"closed","template":"","meta":{"footnotes":""},"class_list":["post-39","page","type-page","status-publish","hentry"],"_links":{"self":[{"href":"https:\/\/myriamdarme.com\/index.php\/wp-json\/wp\/v2\/pages\/39","targetHints":{"allow":["GET"]}}],"collection":[{"href":"https:\/\/myriamdarme.com\/index.php\/wp-json\/wp\/v2\/pages"}],"about":[{"href":"https:\/\/myriamdarme.com\/index.php\/wp-json\/wp\/v2\/types\/page"}],"author":[{"embeddable":true,"href":"https:\/\/myriamdarme.com\/index.php\/wp-json\/wp\/v2\/users\/1"}],"replies":[{"embeddable":true,"href":"https:\/\/myriamdarme.com\/index.php\/wp-json\/wp\/v2\/comments?post=39"}],"version-history":[{"count":1,"href":"https:\/\/myriamdarme.com\/index.php\/wp-json\/wp\/v2\/pages\/39\/revisions"}],"predecessor-version":[{"id":3410,"href":"https:\/\/myriamdarme.com\/index.php\/wp-json\/wp\/v2\/pages\/39\/revisions\/3410"}],"wp:attachment":[{"href":"https:\/\/myriamdarme.com\/index.php\/wp-json\/wp\/v2\/media?parent=39"}],"curies":[{"name":"wp","href":"https:\/\/api.w.org\/{rel}","templated":true}]}}