{"id":327,"date":"2015-09-01T21:29:51","date_gmt":"2015-09-01T20:29:51","guid":{"rendered":"http:\/\/192.168.1.55\/wordpress\/?page_id=327"},"modified":"2020-11-27T17:33:54","modified_gmt":"2020-11-27T16:33:54","slug":"presentation","status":"publish","type":"page","link":"https:\/\/myriamdarme.com\/index.php\/traversees\/presentation\/","title":{"rendered":"Pr\u00e9sentation"},"content":{"rendered":"<p><img decoding=\"async\" style=\"width: 100%; margin-top: -10pt;\" src=\"https:\/\/myriamdarme.com\/wp-content\/uploads\/2015\/10\/05082015_DSC5936_DxOV10P.dng_.jpg\" alt=\"Concert travers\u00e9es\" \/><\/p>\n<h1 class=\"entry-title\"><em><span style=\"color: #ff0000;\">L&rsquo;ensemble Travers\u00e9es<\/span><\/em><\/h1>\n<p>Myriam et Maia Darm\u00e9 forment le duo fl\u00fbte et harpe Travers\u00e9es. Musiciennes accomplies, menant de riches carri\u00e8res individuelles, elles se retrouvent r\u00e9guli\u00e8rement pour jouer ensemble, invitant d&rsquo;autres musiciens \u00e0 se joindre \u00e0 elles sur sc\u00e8ne. Travers\u00e9es leur permet de conjuguer leurs horizons musicaux diff\u00e9rents. Myriam a choisi une carri\u00e8re tourn\u00e9e vers l&rsquo;enseignement et la cr\u00e9ation d\u2019\u0153uvres p\u00e9dagogiques, tandis que Ma\u00efa sillonne le monde comme soliste classique ou jouant sur des harpes anciennes, traditionnelles et \u00e9lectriques, ramenant de ses voyages la richesse de cultures diff\u00e9rentes. Cette compl\u00e9mentarit\u00e9 de perspectives et d&rsquo;exp\u00e9riences professionnelles enrichit leur langage musical.<\/p>\n<p>Myriam et Maia Darm\u00e9 ont r\u00e9alis\u00e9 \u00e0 quatre mains un grand nombre d&rsquo;arrangements. Partageant une m\u00eame passion pour la transmission de leur art, elles ont cr\u00e9\u00e9 un conte musical pour enfants \u00ab\u00a0Travers\u00e9e fantastique\u00a0\u00bb qui a d\u00e9j\u00e0 enchant\u00e9 de nombreux \u00e9l\u00e8ves de maternelle et primaire \u00e0 travers la France. Engag\u00e9e dans une d\u00e9marche d&rsquo;accessibilit\u00e9 de la musique, elles offrent aussi r\u00e9guli\u00e8rement des concerts p\u00e9dagogiques dans les territoires \u00e9loign\u00e9s des grands p\u00f4les culturels.<\/p>\n<p>Vous trouverez des compl\u00e9ments d&rsquo;information sur le site de l&rsquo;<a href=\"https:\/\/ensembletraversees.com\/\">Ensemble Travers\u00e9es<\/a><\/p>\n<p style=\"text-align: center;\"><em><span style=\"color: #008000;\">Vous trouverez ici des compl\u00e9ments de pr\u00e9sentation<\/span><\/em> :<br \/>\n<a href=\"https:\/\/myriamdarme.com\/wp-content\/uploads\/2019\/07\/Dossier-de-pr\u00e9sentation-Travers\u00e9es-Duo-flute-et-harpe.pdf\">Dossier de pr\u00e9sentation Travers\u00e9es &#8211; Duo flute et harpe<\/a><\/p>\n<p><a href=\"http:\/\/www.maiadarme.com\/fr\/\" target=\"_blank\" rel=\"noopener\"> Maia Darm\u00e9 <\/a> (harpe)<\/p>\n<p>Maia Darm\u00e9 commence la harpe celtique en Bretagne avant de poursuivre une formation classique dans les conservatoires d\u2019Epinal, de Bordeaux et de Paris. Reconnue pour son jeu virtuose, puissant et expressif, elle a jou\u00e9 en soliste ou chambriste dans plus de vingts pays et est r\u00e9guli\u00e8rement invit\u00e9e \u00e0 se produire sur tous les continents.1er Prix du Concours international de l&rsquo;UFAM \u00e0 l&rsquo;unanimit\u00e9 avec les f\u00e9licitations du jury \u00e0 9 ans, elle b\u00e9n\u00e9ficie de l\u2019enseignement des plus grands noms de la harpe. En Australie, elle se perfectionne en Bachelor aupr\u00e8s d\u2019Alice Giles et rejoint le tr\u00e8s appr\u00e9ci\u00e9 Seven Harp Ensemble (SHE). A New York, elle poursuit en Master des \u00e9tudes de composition \u00e0 Columbia University, s\u2019immerge dans la musique \u00e9lectroacoustique au Computer Music Center. Laure\u0301ate du prix Arts Initiative de la fondation Gatsby, elle y travaille \u00e9galement avec des compositeurs \u00e9mergents, cr\u00e9ant les \u0153uvres pour harpe qu\u2019ils lui d\u00e9dient. Arrangeuse prolixe, ses pi\u00e8ces pour harpe sont publi\u00e9es chez Prof Editions et SMP Press.<\/p>\n<p>En tant que soliste classique, elle collabore avec plusieurs orchestres nationaux (Ukraine, Maroc, Tunisie, R\u00e9publique Dominicaine) et joue r\u00e9guli\u00e8rement dans des festivals, des \u00e9missions, avec des troupes de th\u00e9\u00e2tre ou encore des compagnies de danse.<\/p>\n<p>Musicienne \u00e9clectique et repr\u00e9sentante d\u2019une jeune g\u00e9n\u00e9ration d\u2019ambassadeurs de la harpe, elle navigue avec facilit\u00e9 entre harpes anciennes et harpes \u00e9lectriques, entra\u00eenant son instrument \u00e0 la crois\u00e9e des genres. Elle est \u00e9galement dipl\u00f4m\u00e9e de Sciences Po Paris.<\/p>\n<p style=\"text-align: center;\">Vous pouvez vous abonner \u00e0 sa chaine youtube <a href=\"https:\/\/www.youtube.com\/channel\/UCj-xxtbmYKx5qDFrJjbJcag\">en cliquant ici<\/a><\/p>\n<p>N&rsquo;h\u00e9sitez \u00e0 prendre contact <a href=\"mailto:traversees@gmx.com\" target=\"_blank\" rel=\"noopener\"><u><span style=\"color: #0066cc;\">ici<\/span><\/u><\/a> ou <a href=\"http:\/\/www.maiadarme.com\/fr\/contact\/\"><u><span style=\"color: #0066cc;\">ici<\/span><\/u><\/a>.<\/p>\n","protected":false},"excerpt":{"rendered":"<p>L&rsquo;ensemble Travers\u00e9es Myriam et Maia Darm\u00e9 forment le duo fl\u00fbte et harpe Travers\u00e9es. Musiciennes accomplies, menant de riches carri\u00e8res individuelles, elles se retrouvent r\u00e9guli\u00e8rement pour jouer ensemble, invitant d&rsquo;autres musiciens \u00e0 se joindre \u00e0 elles sur sc\u00e8ne. Travers\u00e9es leur permet de conjuguer leurs horizons musicaux diff\u00e9rents. Myriam a choisi une carri\u00e8re tourn\u00e9e vers l&rsquo;enseignement et<span class=\"excerpt-ellipsis\">&#8230;<\/span><\/p>\n<p><a class=\"more-link\" href=\"https:\/\/myriamdarme.com\/index.php\/traversees\/presentation\/\" itemprop=\"url\">Continue Reading<\/a><\/p>\n","protected":false},"author":1,"featured_media":0,"parent":39,"menu_order":0,"comment_status":"closed","ping_status":"closed","template":"","meta":{"footnotes":""},"class_list":["post-327","page","type-page","status-publish","hentry"],"_links":{"self":[{"href":"https:\/\/myriamdarme.com\/index.php\/wp-json\/wp\/v2\/pages\/327","targetHints":{"allow":["GET"]}}],"collection":[{"href":"https:\/\/myriamdarme.com\/index.php\/wp-json\/wp\/v2\/pages"}],"about":[{"href":"https:\/\/myriamdarme.com\/index.php\/wp-json\/wp\/v2\/types\/page"}],"author":[{"embeddable":true,"href":"https:\/\/myriamdarme.com\/index.php\/wp-json\/wp\/v2\/users\/1"}],"replies":[{"embeddable":true,"href":"https:\/\/myriamdarme.com\/index.php\/wp-json\/wp\/v2\/comments?post=327"}],"version-history":[{"count":13,"href":"https:\/\/myriamdarme.com\/index.php\/wp-json\/wp\/v2\/pages\/327\/revisions"}],"predecessor-version":[{"id":3939,"href":"https:\/\/myriamdarme.com\/index.php\/wp-json\/wp\/v2\/pages\/327\/revisions\/3939"}],"up":[{"embeddable":true,"href":"https:\/\/myriamdarme.com\/index.php\/wp-json\/wp\/v2\/pages\/39"}],"wp:attachment":[{"href":"https:\/\/myriamdarme.com\/index.php\/wp-json\/wp\/v2\/media?parent=327"}],"curies":[{"name":"wp","href":"https:\/\/api.w.org\/{rel}","templated":true}]}}