{"id":2218,"date":"2016-09-16T00:07:30","date_gmt":"2016-09-15T23:07:30","guid":{"rendered":"http:\/\/myriamdarme.com\/?page_id=2218"},"modified":"2017-03-03T21:21:31","modified_gmt":"2017-03-03T20:21:31","slug":"gammes-et-exercices","status":"publish","type":"page","link":"https:\/\/myriamdarme.com\/index.php\/gammes-et-exercices\/","title":{"rendered":"Gammes et exercices"},"content":{"rendered":"<p><em>Pour se d\u00e9rouiller les doigts et la langue, rien de tel que de commencer par des gammes et des exercices dans la tonalit\u00e9 de vos morceaux.<\/em><\/p>\n<p><em>Pour ce faire, voici une petite s\u00e9rie de partitions :<\/em><\/p>\n<h4 style=\"text-align: center;\"><strong><span style=\"text-decoration: underline;\"><span style=\"color: #993366; text-decoration: underline;\">Pour le 1\u00b0 cycle :<\/span><\/span><\/strong><\/h4>\n<ul>\n<li><a href=\"https:\/\/myriamdarme.com\/wp-content\/uploads\/2016\/09\/Gammes-et-exercices-pour-d\u00e9butants-FaM-Fl\u00fbte.pdf\">Gammes-et-exercices-pour-d\u00e9butants-FaM-<\/a><\/li>\n<li><a href=\"https:\/\/myriamdarme.com\/wp-content\/uploads\/2016\/09\/Gammes-et-exercices-pour-d\u00e9butants-SolM-Fl\u00fbte.pdf\">Gammes-et-exercices-pour-d\u00e9butants-SolM-<\/a><\/li>\n<li><a href=\"https:\/\/myriamdarme.com\/wp-content\/uploads\/2016\/09\/Gammes-en-Do-M-et-exercices-pour-d\u00e9butants1.pdf\">Gammes-en-do-M-et-exercices-pour-d\u00e9butants<\/a><\/li>\n<li><a href=\"https:\/\/myriamdarme.com\/wp-content\/uploads\/2016\/09\/Gammes-et-exercices-pour-d\u00e9butants-Sib-M.pdf\">Gammes et exercices pour d\u00e9butants Sib M<\/a><\/li>\n<li><a href=\"https:\/\/myriamdarme.com\/wp-content\/uploads\/2016\/09\/Gammes-et-exercices-pour-d\u00e9butants-R\u00e9-M.pdf\">Gammes et exercices pour d\u00e9butants R\u00e9 M<\/a><\/li>\n<li><a href=\"https:\/\/myriamdarme.com\/wp-content\/uploads\/2016\/09\/Gammes-en-duo.pdf\">Gammes en duo<\/a><\/li>\n<\/ul>\n<h4><\/h4>\n<h4 style=\"text-align: center;\"><span style=\"text-decoration: underline;\"><strong><span style=\"color: #993366; text-decoration: underline;\">Pour le 2\u00b0 et 3\u00b0 cycle <\/span><\/strong><\/span><\/h4>\n<ul>\n<li><a href=\"https:\/\/myriamdarme.com\/wp-content\/uploads\/2016\/09\/Gamme-de-DOM-1-Fl\u00fbte.pdf\">Gamme-de-doM\u00a0<\/a><\/li>\n<li><a href=\"https:\/\/myriamdarme.com\/wp-content\/uploads\/2016\/09\/Gamme-de-Do-M-relative-mineure-et-blues-jazz-Fl\u00fbte.pdf\">Gamme-de-doM-relative-mineure-et-blues-jazz-<\/a><\/li>\n<li><a href=\"https:\/\/myriamdarme.com\/wp-content\/uploads\/2016\/09\/Gamme-de-R\u00e9b-M.pdf\">Gamme de R\u00e9b M<\/a><\/li>\n<li><a href=\"https:\/\/myriamdarme.com\/wp-content\/uploads\/2016\/09\/Gamme-de-R\u00e9b-M-relative-mineure-et-blues-jazz-Fl\u00fbte.pdf\">Gamme de R\u00e9b M relative mineure et blues-jazz &#8211;<\/a><a href=\"https:\/\/myriamdarme.com\/wp-content\/uploads\/2016\/09\/Gamme-de-R\u00e9b-M-relative-mineure-et-blues-jazz-Fl\u00fbte.pdf\">Fl\u00fbte<\/a><\/li>\n<li><a href=\"https:\/\/myriamdarme.com\/wp-content\/uploads\/2016\/09\/Gamme-de-R\u00e9M-fl\u00fbte.pdf\"><u><span style=\"color: #0066cc;\">Gamme-de-r\u00e9M<\/span><\/u><\/a><\/li>\n<li><a href=\"https:\/\/myriamdarme.com\/wp-content\/uploads\/2016\/09\/Gamme-de-R\u00e9-M-relative-mineure-et-blues-jazz-Fl\u00fbte.pdf\"><u><span style=\"color: #0066cc;\">Gamme-de-re-M-relative-mineure-et-blues-jazz<\/span><\/u><\/a><\/li>\n<li><a href=\"https:\/\/myriamdarme.com\/wp-content\/uploads\/2016\/09\/Gamme-de-Mib-M-Fl\u00fbte.pdf\">gamme-de-mib-M-flute<\/a><\/li>\n<li><a href=\"https:\/\/myriamdarme.com\/wp-content\/uploads\/2016\/09\/Gamme-de-Mib-M-relative-mineure-et-blues-jazz-Fl\u00fbte.pdf\"><u><span style=\"color: #0066cc;\">Gamme-de-mib-M-relative-mineure-et-blues-jazz-<\/span><\/u><\/a><\/li>\n<li><a href=\"https:\/\/myriamdarme.com\/wp-content\/uploads\/2016\/09\/Gamme-de-Fa-M-Fl\u00fbte.pdf\"><u><span style=\"color: #0066cc;\">Gamme-de-fa-M-<\/span><\/u><\/a><\/li>\n<li><a href=\"https:\/\/myriamdarme.com\/wp-content\/uploads\/2016\/09\/Gamme-de-Fa-M-relative-mineure-et-blues-jazz-Fl\u00fbte.pdf\"><u><span style=\"color: #0066cc;\">Gamme-de-fa-M-relative-mineure-et-blues-jazz-<\/span><\/u><\/a><\/li>\n<li><a href=\"https:\/\/myriamdarme.com\/wp-content\/uploads\/2016\/09\/Gamme-de-Solb-M-Fl\u00fbte.pdf\"><u><span style=\"color: #0066cc;\">Gamme-de-solb-M-<\/span><\/u><\/a><\/li>\n<li><a href=\"https:\/\/myriamdarme.com\/wp-content\/uploads\/2016\/09\/Gamme-de-Solb-M-relative-mineure-et-blues-jazz-Fl\u00fbte.pdf\"><u><span style=\"color: #0066cc;\">Gamme-de-solb-M-relative-mineure-et-blues-jazz-<\/span><\/u><\/a><\/li>\n<li><a href=\"https:\/\/myriamdarme.com\/wp-content\/uploads\/2016\/09\/Gamme-de-Sol-M-Fl\u00fbte.pdf\">Gamme-de-sol-M-<\/a><\/li>\n<li><a href=\"https:\/\/myriamdarme.com\/wp-content\/uploads\/2016\/09\/Gamme-de-Sol-M-relative-mineure-et-blues-jazz-Fl\u00fbte.pdf\"><u><span style=\"color: #0066cc;\">Gamme-de-sol-M-relative-mineure-et-blues-jazz-<\/span><\/u><\/a><\/li>\n<li><a href=\"https:\/\/myriamdarme.com\/wp-content\/uploads\/2016\/09\/Gamme-de-Lab-M-Fl\u00fbte.pdf\">Gamme de Lab M Fl\u00fbte<\/a><\/li>\n<li><a href=\"https:\/\/myriamdarme.com\/wp-content\/uploads\/2016\/09\/Gamme-de-Lab-M-relative-mineure-et-blues-jazz-Fl\u00fbte.pdf\"><u><span style=\"color: #0066cc;\">Gamme-de-lab-M-relative-mineure-et-blues-jazz-<\/span><\/u><\/a><\/li>\n<li>G<a href=\"https:\/\/myriamdarme.com\/wp-content\/uploads\/2016\/09\/Gamme-de-La-M-Fl\u00fbte.pdf\"><u><span style=\"color: #0066cc;\">amme-de-la-M-<\/span><\/u><\/a><\/li>\n<li><a href=\"https:\/\/myriamdarme.com\/wp-content\/uploads\/2016\/09\/Gamme-de-La-M-relative-mineure-et-blues-jazz-Fl\u00fbte.pdf\"><u><span style=\"color: #0066cc;\">Gamme-de-la-M-relative-mineure-et-blues-jazz-<\/span><\/u><\/a><\/li>\n<li><a href=\"https:\/\/myriamdarme.com\/wp-content\/uploads\/2016\/09\/Gamme-de-Sib-M-Fl\u00fbte.pdf\">Gamme de Sib M Fl\u00fbte<\/a><\/li>\n<li><a href=\"https:\/\/myriamdarme.com\/wp-content\/uploads\/2016\/09\/Gamme-de-SibM-relative-mineure-et-blues-jazz-Fl\u00fbte.pdf\">Gamme de SibM relative mineure et blues-jazz &#8211; Fl\u00fbte<\/a><\/li>\n<li><a href=\"https:\/\/myriamdarme.com\/wp-content\/uploads\/2016\/09\/Gamme-de-Si-M-Fl\u00fbte.pdf\">Gamme-de-si-M-<\/a><\/li>\n<li><a href=\"https:\/\/myriamdarme.com\/wp-content\/uploads\/2016\/09\/Gamme-de-SiM-relative-mineure-et-blues-jazz-Fl\u00fbte.pdf\">Gamme-de-siM-relative-mineure-et-blues-jazz-<\/a><\/li>\n<li><a href=\"https:\/\/myriamdarme.com\/wp-content\/uploads\/2016\/09\/Les-gammes-en-trilles.pdf\">Les gammes en trilles<\/a><\/li>\n<\/ul>\n","protected":false},"excerpt":{"rendered":"<p>Pour se d\u00e9rouiller les doigts et la langue, rien de tel que de commencer par des gammes et des exercices dans la tonalit\u00e9 de vos morceaux. Pour ce faire, voici une petite s\u00e9rie de partitions : Pour le 1\u00b0 cycle : Gammes-et-exercices-pour-d\u00e9butants-FaM- Gammes-et-exercices-pour-d\u00e9butants-SolM- Gammes-en-do-M-et-exercices-pour-d\u00e9butants Gammes et exercices pour d\u00e9butants Sib M Gammes et exercices pour<span class=\"excerpt-ellipsis\">&#8230;<\/span><\/p>\n<p><a class=\"more-link\" href=\"https:\/\/myriamdarme.com\/index.php\/gammes-et-exercices\/\" itemprop=\"url\">Continue Reading<\/a><\/p>\n","protected":false},"author":1,"featured_media":0,"parent":0,"menu_order":0,"comment_status":"closed","ping_status":"closed","template":"","meta":{"footnotes":""},"class_list":["post-2218","page","type-page","status-publish","hentry"],"_links":{"self":[{"href":"https:\/\/myriamdarme.com\/index.php\/wp-json\/wp\/v2\/pages\/2218","targetHints":{"allow":["GET"]}}],"collection":[{"href":"https:\/\/myriamdarme.com\/index.php\/wp-json\/wp\/v2\/pages"}],"about":[{"href":"https:\/\/myriamdarme.com\/index.php\/wp-json\/wp\/v2\/types\/page"}],"author":[{"embeddable":true,"href":"https:\/\/myriamdarme.com\/index.php\/wp-json\/wp\/v2\/users\/1"}],"replies":[{"embeddable":true,"href":"https:\/\/myriamdarme.com\/index.php\/wp-json\/wp\/v2\/comments?post=2218"}],"version-history":[{"count":23,"href":"https:\/\/myriamdarme.com\/index.php\/wp-json\/wp\/v2\/pages\/2218\/revisions"}],"predecessor-version":[{"id":2601,"href":"https:\/\/myriamdarme.com\/index.php\/wp-json\/wp\/v2\/pages\/2218\/revisions\/2601"}],"wp:attachment":[{"href":"https:\/\/myriamdarme.com\/index.php\/wp-json\/wp\/v2\/media?parent=2218"}],"curies":[{"name":"wp","href":"https:\/\/api.w.org\/{rel}","templated":true}]}}