{"id":17,"date":"2015-08-27T14:56:46","date_gmt":"2015-08-27T13:56:46","guid":{"rendered":"http:\/\/192.168.1.55\/wordpress\/?page_id=17"},"modified":"2022-06-20T20:59:15","modified_gmt":"2022-06-20T19:59:15","slug":"accueil","status":"publish","type":"page","link":"https:\/\/myriamdarme.com\/index.php\/accueil\/","title":{"rendered":"Itin\u00e9raires"},"content":{"rendered":"<p><img decoding=\"async\" style=\"width: 100%; margin-top: -10pt;\" src=\"https:\/\/myriamdarme.com\/wp-content\/uploads\/2015\/10\/Bandeau-Bio.jpg\" alt=\"image en-t\u00eate\" \/><\/p>\n<p><!-- <a href=\"https:\/\/myriamdarme.com\/wp-content\/uploads\/2015\/10\/Diapositive2.png\"><img loading=\"lazy\" decoding=\"async\" style=\"width: 51%; margin-right: 0pt; float: right;\" src=\"https:\/\/myriamdarme.com\/wp-content\/uploads\/2015\/10\/Diapositive2.png\" alt=\"Images accueil site 2\" width=\"310\" height=\"169\" \/><\/a> --><\/p>\n<h2>Itin\u00e9raires<\/h2>\n<p>Des ribambelles de notes jalonnent mon chemin de vie&#8230;<\/p>\n<p>Ainsi, j&rsquo;ai fait mes premiers pas \u00e0 Montigny-l\u00e8s Metz (57), mes premi\u00e8res notes sur le piano du salon, mes premiers sons de fl\u00fbte \u00e0 l&rsquo;\u00e9cole de musique de Montigny-l\u00e8s-Metz puis au Conservatoire de R\u00e9gion de Metz dans les classes de M. Danino.<br \/>\nJ&rsquo;ai poursuivi plus tard ma formation classique au Conservatoire d\u2019Epinal (88).<\/p>\n<p>Arm\u00e9e du dipl\u00f4me d\u2019Etat de Sage-Femme, j&rsquo;ai arpent\u00e9 les couloirs de diff\u00e9rentes maternit\u00e9s et salles d&rsquo;accouchements, nuits rythm\u00e9es par le souffle de la vie naissante. Rencontrant alors des couples et des familles, je me suis form\u00e9e \u00e0 l&rsquo;\u00e9ducation \u00e0 la vie et au Conseil Conjugal et Familial.<br \/>\nMais le d\u00e9sir de partager \u00e9motions et sentiments par le biais de l&rsquo;univers musical m&rsquo;a orient\u00e9e peu \u00e0 peu vers la p\u00e9dagogie de la musique en 1995, lorsque j&rsquo;ai donn\u00e9 pour la premi\u00e8re fois des cours d\u2019\u00e9veil musical.<br \/>\nActuellement professeur dans les \u00e9coles de musique de Coutras, Marcheprime et Martignas-sur Jalle (Gironde), munie du Dipl\u00f4me d&rsquo;\u00c9tat de professeur de fl\u00fbte, j&rsquo;enseigne depuis plus de 20 ans.<\/p>\n<p>Dans un but p\u00e9dagogique, je r\u00e9alise de nombreux arrangements pour mes \u00e9l\u00e8ves comme pour divers orchestres et ensembles de musique de chambre. Je me suis form\u00e9e pour cela \u00e0 l\u2019\u00e9dition musicale, \u00e0 la direction d\u2019orchestre ainsi qu\u2019aux techniques d&rsquo;arrangements.<\/p>\n<p>J&rsquo;ai la chance de partager avec d&rsquo;autres amis musiciens la joie de se produire en concert, abordant tant le r\u00e9pertoire classique que d\u2019autres styles musicaux.<\/p>\n","protected":false},"excerpt":{"rendered":"<p>Itin\u00e9raires Des ribambelles de notes jalonnent mon chemin de vie&#8230; Ainsi, j&rsquo;ai fait mes premiers pas \u00e0 Montigny-l\u00e8s Metz (57), mes premi\u00e8res notes sur le piano du salon, mes premiers sons de fl\u00fbte \u00e0 l&rsquo;\u00e9cole de musique de Montigny-l\u00e8s-Metz puis au Conservatoire de R\u00e9gion de Metz dans les classes de M. Danino. J&rsquo;ai poursuivi plus<span class=\"excerpt-ellipsis\">&#8230;<\/span><\/p>\n<p><a class=\"more-link\" href=\"https:\/\/myriamdarme.com\/index.php\/accueil\/\" itemprop=\"url\">Continue Reading<\/a><\/p>\n","protected":false},"author":1,"featured_media":0,"parent":0,"menu_order":0,"comment_status":"closed","ping_status":"closed","template":"","meta":{"footnotes":""},"class_list":["post-17","page","type-page","status-publish","hentry"],"_links":{"self":[{"href":"https:\/\/myriamdarme.com\/index.php\/wp-json\/wp\/v2\/pages\/17","targetHints":{"allow":["GET"]}}],"collection":[{"href":"https:\/\/myriamdarme.com\/index.php\/wp-json\/wp\/v2\/pages"}],"about":[{"href":"https:\/\/myriamdarme.com\/index.php\/wp-json\/wp\/v2\/types\/page"}],"author":[{"embeddable":true,"href":"https:\/\/myriamdarme.com\/index.php\/wp-json\/wp\/v2\/users\/1"}],"replies":[{"embeddable":true,"href":"https:\/\/myriamdarme.com\/index.php\/wp-json\/wp\/v2\/comments?post=17"}],"version-history":[{"count":34,"href":"https:\/\/myriamdarme.com\/index.php\/wp-json\/wp\/v2\/pages\/17\/revisions"}],"predecessor-version":[{"id":4058,"href":"https:\/\/myriamdarme.com\/index.php\/wp-json\/wp\/v2\/pages\/17\/revisions\/4058"}],"wp:attachment":[{"href":"https:\/\/myriamdarme.com\/index.php\/wp-json\/wp\/v2\/media?parent=17"}],"curies":[{"name":"wp","href":"https:\/\/api.w.org\/{rel}","templated":true}]}}