{"id":167,"date":"2015-08-31T19:26:32","date_gmt":"2015-08-31T18:26:32","guid":{"rendered":"http:\/\/192.168.1.55\/wordpress\/?page_id=167"},"modified":"2025-01-27T19:02:34","modified_gmt":"2025-01-27T18:02:34","slug":"ecole-de-musique-de-marcheprime","status":"publish","type":"page","link":"https:\/\/myriamdarme.com\/index.php\/actualites-de-mes-classes\/ecole-de-musique-de-marcheprime\/","title":{"rendered":"\u00c9cole de musique de Marcheprime"},"content":{"rendered":"\n<pre class=\"wp-block-preformatted has-vivid-red-color has-text-color has-link-color wp-elements-6511f082f402eaa2515d4d2050e1d4e7\">Les \u00e9v\u00e8nements \u00e0 venir pour cette ann\u00e9e ! <br><\/pre>\n\n\n\n<ul class=\"wp-block-list\">\n<li>Journ\u00e9e Portes Ouvertes : Mercredi 4 septembre 2024<\/li>\n\n\n\n<li>Festival \u00ab\u00a0M\u00e9langeons nos cultures\u00a0\u00bb : Samedi 28 septembre \u00e0 Mios<\/li>\n\n\n\n<li>Concert \u00e0 la maison de retraite \u00ab\u00a0La m\u00e9moire des ailes\u00a0\u00bb : Samedi 18 janvier 2025<\/li>\n\n\n\n<li>Masterclass musique irlandaise \u00e0 Martignas : Dimanche 9 f\u00e9vrier 2025<\/li>\n\n\n\n<li>Audition des adultes : Lundi 19 mai 2025<\/li>\n\n\n\n<li>F\u00eate de fin d&rsquo;ann\u00e9e : Samedi 28 juin 2025<\/li>\n<\/ul>\n\n\n\n<figure class=\"wp-block-gallery has-nested-images columns-default is-cropped wp-block-gallery-1 is-layout-flex wp-block-gallery-is-layout-flex\">\n<figure class=\"wp-block-image size-large\"><a href=\"https:\/\/myriamdarme.com\/wp-content\/uploads\/2023\/02\/MasterClass-11-Nov-2022.jpg\"><img loading=\"lazy\" decoding=\"async\" width=\"1024\" height=\"576\" data-id=\"4142\" src=\"https:\/\/myriamdarme.com\/wp-content\/uploads\/2023\/02\/MasterClass-11-Nov-2022-1024x576.jpg\" alt=\"\" class=\"wp-image-4142\" srcset=\"https:\/\/myriamdarme.com\/wp-content\/uploads\/2023\/02\/MasterClass-11-Nov-2022-1024x576.jpg 1024w, https:\/\/myriamdarme.com\/wp-content\/uploads\/2023\/02\/MasterClass-11-Nov-2022-300x169.jpg 300w, https:\/\/myriamdarme.com\/wp-content\/uploads\/2023\/02\/MasterClass-11-Nov-2022-768x432.jpg 768w, https:\/\/myriamdarme.com\/wp-content\/uploads\/2023\/02\/MasterClass-11-Nov-2022-1140x641.jpg 1140w, https:\/\/myriamdarme.com\/wp-content\/uploads\/2023\/02\/MasterClass-11-Nov-2022.jpg 1280w\" sizes=\"auto, (max-width: 1024px) 100vw, 1024px\" \/><\/a><\/figure>\n<\/figure>\n\n\n<pre>\u00a0<\/pre>\n<div id='gallery-1' class='gallery galleryid-167 gallery-columns-1 gallery-size-full'><figure class='gallery-item'>\n\t\t\t<div class='gallery-icon landscape'>\n\t\t\t\t<a href='https:\/\/myriamdarme.com\/index.php\/actualites-de-mes-classes\/ecole-de-musique-de-marcheprime\/conte-et-musique-1-fete-de-noel-2022\/'><img loading=\"lazy\" decoding=\"async\" width=\"1280\" height=\"720\" src=\"https:\/\/myriamdarme.com\/wp-content\/uploads\/2023\/02\/Conte-et-musique-1-fete-de-Noel-2022.jpg\" class=\"attachment-full size-full\" alt=\"\" srcset=\"https:\/\/myriamdarme.com\/wp-content\/uploads\/2023\/02\/Conte-et-musique-1-fete-de-Noel-2022.jpg 1280w, https:\/\/myriamdarme.com\/wp-content\/uploads\/2023\/02\/Conte-et-musique-1-fete-de-Noel-2022-300x169.jpg 300w, https:\/\/myriamdarme.com\/wp-content\/uploads\/2023\/02\/Conte-et-musique-1-fete-de-Noel-2022-1024x576.jpg 1024w, https:\/\/myriamdarme.com\/wp-content\/uploads\/2023\/02\/Conte-et-musique-1-fete-de-Noel-2022-768x432.jpg 768w, https:\/\/myriamdarme.com\/wp-content\/uploads\/2023\/02\/Conte-et-musique-1-fete-de-Noel-2022-1140x641.jpg 1140w\" sizes=\"auto, (max-width: 1280px) 100vw, 1280px\" \/><\/a>\n\t\t\t<\/div><\/figure>\n\t\t<\/div>\n\n<p><em><strong><span style=\"color: #339966;\">Traces M\u00e9moires 2018\/2024<\/span><\/strong><\/em><\/p>\n<p style=\"text-align: center;\"><span style=\"color: #000000;\"><em><strong>Nous avons pu r\u00e9aliser des vid\u00e9os avec les diff\u00e9rents ensembles<\/strong><\/em><\/span><\/p>\n<p><iframe loading=\"lazy\" title=\"YouTube video player\" src=\"https:\/\/www.youtube.com\/embed\/2cUh0AxDvcY\" width=\"560\" height=\"315\" frameborder=\"0\" allowfullscreen=\"allowfullscreen\"><\/iframe><br \/><iframe loading=\"lazy\" title=\"YouTube video player\" src=\"https:\/\/www.youtube.com\/embed\/j4pWDLjBFpc\" width=\"560\" height=\"315\" frameborder=\"0\" allowfullscreen=\"allowfullscreen\"><\/iframe><\/p>\n<p style=\"text-align: center;\"><span style=\"color: #000000;\"><em><strong>Projet de Pierre et le Loup : d\u00e8s que la situation sanitaire s&rsquo;am\u00e9liorera, nous relancerons ce projet<\/strong><\/em><\/span><br \/><iframe loading=\"lazy\" src=\"https:\/\/www.youtube.com\/embed\/kVrPs5vWU7g\" width=\"560\" height=\"315\" frameborder=\"0\" allowfullscreen=\"allowfullscreen\"><\/iframe><\/p>\n<ul>\n<li>\u00a0<\/li>\n<\/ul>\n<pre style=\"text-align: center;\">\u00a0<\/pre>\n<pre><em><span style=\"color: #ff0000;\"><em><strong> Audition \u00e0 la maison de retraite : samedi 25 janvier 2020<\/strong><\/em><\/span><\/em><\/pre>\n<div id='gallery-2' class='gallery galleryid-167 gallery-columns-3 gallery-size-medium'><figure class='gallery-item'>\n\t\t\t<div class='gallery-icon landscape'>\n\t\t\t\t<a href='https:\/\/myriamdarme.com\/maison-de-retraite-marcheprime-25-janvier-2020-6\/'><img loading=\"lazy\" decoding=\"async\" width=\"300\" height=\"168\" src=\"https:\/\/myriamdarme.com\/wp-content\/uploads\/2020\/02\/Maison-de-retraite-Marcheprime-25-janvier-2020-6-300x168.jpg\" class=\"attachment-medium size-medium\" alt=\"\" srcset=\"https:\/\/myriamdarme.com\/wp-content\/uploads\/2020\/02\/Maison-de-retraite-Marcheprime-25-janvier-2020-6-300x168.jpg 300w, https:\/\/myriamdarme.com\/wp-content\/uploads\/2020\/02\/Maison-de-retraite-Marcheprime-25-janvier-2020-6.jpg 711w\" sizes=\"auto, (max-width: 300px) 100vw, 300px\" \/><\/a>\n\t\t\t<\/div><\/figure><figure class='gallery-item'>\n\t\t\t<div class='gallery-icon landscape'>\n\t\t\t\t<a href='https:\/\/myriamdarme.com\/maison-de-retraite-marcheprime-25-janvier-2020-5\/'><img loading=\"lazy\" decoding=\"async\" width=\"300\" height=\"169\" src=\"https:\/\/myriamdarme.com\/wp-content\/uploads\/2020\/02\/Maison-de-retraite-Marcheprime-25-janvier-2020-5-300x169.jpg\" class=\"attachment-medium size-medium\" alt=\"\" srcset=\"https:\/\/myriamdarme.com\/wp-content\/uploads\/2020\/02\/Maison-de-retraite-Marcheprime-25-janvier-2020-5-300x169.jpg 300w, https:\/\/myriamdarme.com\/wp-content\/uploads\/2020\/02\/Maison-de-retraite-Marcheprime-25-janvier-2020-5-768x432.jpg 768w, https:\/\/myriamdarme.com\/wp-content\/uploads\/2020\/02\/Maison-de-retraite-Marcheprime-25-janvier-2020-5.jpg 812w\" sizes=\"auto, (max-width: 300px) 100vw, 300px\" \/><\/a>\n\t\t\t<\/div><\/figure><figure class='gallery-item'>\n\t\t\t<div class='gallery-icon landscape'>\n\t\t\t\t<a href='https:\/\/myriamdarme.com\/maison-de-retraite-marcheprime-25-janvier-2020-1\/'><img loading=\"lazy\" decoding=\"async\" width=\"300\" height=\"165\" src=\"https:\/\/myriamdarme.com\/wp-content\/uploads\/2020\/02\/Maison-de-retraite-Marcheprime-25-janvier-2020-1-300x165.jpg\" class=\"attachment-medium size-medium\" alt=\"\" srcset=\"https:\/\/myriamdarme.com\/wp-content\/uploads\/2020\/02\/Maison-de-retraite-Marcheprime-25-janvier-2020-1-300x165.jpg 300w, https:\/\/myriamdarme.com\/wp-content\/uploads\/2020\/02\/Maison-de-retraite-Marcheprime-25-janvier-2020-1-768x422.jpg 768w, https:\/\/myriamdarme.com\/wp-content\/uploads\/2020\/02\/Maison-de-retraite-Marcheprime-25-janvier-2020-1-1024x563.jpg 1024w, https:\/\/myriamdarme.com\/wp-content\/uploads\/2020\/02\/Maison-de-retraite-Marcheprime-25-janvier-2020-1-1140x627.jpg 1140w, https:\/\/myriamdarme.com\/wp-content\/uploads\/2020\/02\/Maison-de-retraite-Marcheprime-25-janvier-2020-1.jpg 1166w\" sizes=\"auto, (max-width: 300px) 100vw, 300px\" \/><\/a>\n\t\t\t<\/div><\/figure>\n\t\t<\/div>\n\n<pre><em><span style=\"color: #ff0000;\"><em><strong>Concert de No\u00ebl Maison Pereire : samedi 20 d\u00e9cembre 2019 <\/strong><\/em><\/span><\/em><\/pre>\n<div id='gallery-3' class='gallery galleryid-167 gallery-columns-3 gallery-size-medium'><figure class='gallery-item'>\n\t\t\t<div class='gallery-icon landscape'>\n\t\t\t\t<a href='https:\/\/myriamdarme.com\/21122019-noel-edm-marcheprime-_dsc5824-arw-30-7mpx\/'><img loading=\"lazy\" decoding=\"async\" width=\"300\" height=\"225\" src=\"https:\/\/myriamdarme.com\/wp-content\/uploads\/2020\/02\/21122019-No\u00ebl-EdM-Marcheprime-_DSC5824.ARW-30-7Mpx-300x225.jpg\" class=\"attachment-medium size-medium\" alt=\"\" srcset=\"https:\/\/myriamdarme.com\/wp-content\/uploads\/2020\/02\/21122019-No\u00ebl-EdM-Marcheprime-_DSC5824.ARW-30-7Mpx-300x225.jpg 300w, https:\/\/myriamdarme.com\/wp-content\/uploads\/2020\/02\/21122019-No\u00ebl-EdM-Marcheprime-_DSC5824.ARW-30-7Mpx-768x576.jpg 768w, https:\/\/myriamdarme.com\/wp-content\/uploads\/2020\/02\/21122019-No\u00ebl-EdM-Marcheprime-_DSC5824.ARW-30-7Mpx-1024x768.jpg 1024w, https:\/\/myriamdarme.com\/wp-content\/uploads\/2020\/02\/21122019-No\u00ebl-EdM-Marcheprime-_DSC5824.ARW-30-7Mpx-1140x855.jpg 1140w\" sizes=\"auto, (max-width: 300px) 100vw, 300px\" \/><\/a>\n\t\t\t<\/div><\/figure><figure class='gallery-item'>\n\t\t\t<div class='gallery-icon landscape'>\n\t\t\t\t<a href='https:\/\/myriamdarme.com\/21122019-noel-edm-marcheprime-_dsc5824-arw-16-7mpx\/'><img loading=\"lazy\" decoding=\"async\" width=\"300\" height=\"200\" src=\"https:\/\/myriamdarme.com\/wp-content\/uploads\/2020\/02\/21122019-No\u00ebl-EdM-Marcheprime-_DSC5824.ARW-16-7Mpx-300x200.jpg\" class=\"attachment-medium size-medium\" alt=\"\" srcset=\"https:\/\/myriamdarme.com\/wp-content\/uploads\/2020\/02\/21122019-No\u00ebl-EdM-Marcheprime-_DSC5824.ARW-16-7Mpx-300x200.jpg 300w, https:\/\/myriamdarme.com\/wp-content\/uploads\/2020\/02\/21122019-No\u00ebl-EdM-Marcheprime-_DSC5824.ARW-16-7Mpx-768x512.jpg 768w, https:\/\/myriamdarme.com\/wp-content\/uploads\/2020\/02\/21122019-No\u00ebl-EdM-Marcheprime-_DSC5824.ARW-16-7Mpx-1024x683.jpg 1024w, https:\/\/myriamdarme.com\/wp-content\/uploads\/2020\/02\/21122019-No\u00ebl-EdM-Marcheprime-_DSC5824.ARW-16-7Mpx-1140x760.jpg 1140w\" sizes=\"auto, (max-width: 300px) 100vw, 300px\" \/><\/a>\n\t\t\t<\/div><\/figure><figure class='gallery-item'>\n\t\t\t<div class='gallery-icon landscape'>\n\t\t\t\t<a href='https:\/\/myriamdarme.com\/21122019-noel-edm-marcheprime-_dsc5824-arw-9-7mpx\/'><img loading=\"lazy\" decoding=\"async\" width=\"300\" height=\"200\" src=\"https:\/\/myriamdarme.com\/wp-content\/uploads\/2020\/02\/21122019-No\u00ebl-EdM-Marcheprime-_DSC5824.ARW-9-7Mpx-300x200.jpg\" class=\"attachment-medium size-medium\" alt=\"\" srcset=\"https:\/\/myriamdarme.com\/wp-content\/uploads\/2020\/02\/21122019-No\u00ebl-EdM-Marcheprime-_DSC5824.ARW-9-7Mpx-300x200.jpg 300w, https:\/\/myriamdarme.com\/wp-content\/uploads\/2020\/02\/21122019-No\u00ebl-EdM-Marcheprime-_DSC5824.ARW-9-7Mpx-768x512.jpg 768w, https:\/\/myriamdarme.com\/wp-content\/uploads\/2020\/02\/21122019-No\u00ebl-EdM-Marcheprime-_DSC5824.ARW-9-7Mpx-1024x683.jpg 1024w, https:\/\/myriamdarme.com\/wp-content\/uploads\/2020\/02\/21122019-No\u00ebl-EdM-Marcheprime-_DSC5824.ARW-9-7Mpx-1140x760.jpg 1140w\" sizes=\"auto, (max-width: 300px) 100vw, 300px\" \/><\/a>\n\t\t\t<\/div><\/figure>\n\t\t<\/div>\n\n<pre><em><strong>Audition de fin d'ann\u00e9e samedi 29 juin 2019<\/strong><\/em><\/pre>\n<p>&nbsp;<\/p>\n<div id='gallery-4' class='gallery galleryid-167 gallery-columns-2 gallery-size-medium'><figure class='gallery-item'>\n\t\t\t<div class='gallery-icon landscape'>\n\t\t\t\t<a href='https:\/\/myriamdarme.com\/audition-fin-dannee-2019-1\/'><img loading=\"lazy\" decoding=\"async\" width=\"300\" height=\"126\" src=\"https:\/\/myriamdarme.com\/wp-content\/uploads\/2019\/06\/audition-fin-dann\u00e9e-2019-1-300x126.png\" class=\"attachment-medium size-medium\" alt=\"\" srcset=\"https:\/\/myriamdarme.com\/wp-content\/uploads\/2019\/06\/audition-fin-dann\u00e9e-2019-1-300x126.png 300w, https:\/\/myriamdarme.com\/wp-content\/uploads\/2019\/06\/audition-fin-dann\u00e9e-2019-1-768x322.png 768w, https:\/\/myriamdarme.com\/wp-content\/uploads\/2019\/06\/audition-fin-dann\u00e9e-2019-1.png 881w\" sizes=\"auto, (max-width: 300px) 100vw, 300px\" \/><\/a>\n\t\t\t<\/div><\/figure><figure class='gallery-item'>\n\t\t\t<div class='gallery-icon landscape'>\n\t\t\t\t<a href='https:\/\/myriamdarme.com\/audition-fin-dannee-2019-2\/'><img loading=\"lazy\" decoding=\"async\" width=\"300\" height=\"133\" src=\"https:\/\/myriamdarme.com\/wp-content\/uploads\/2019\/06\/Audition-fin-dann\u00e9e-2019-2-300x133.png\" class=\"attachment-medium size-medium\" alt=\"\" srcset=\"https:\/\/myriamdarme.com\/wp-content\/uploads\/2019\/06\/Audition-fin-dann\u00e9e-2019-2-300x133.png 300w, https:\/\/myriamdarme.com\/wp-content\/uploads\/2019\/06\/Audition-fin-dann\u00e9e-2019-2-768x341.png 768w, https:\/\/myriamdarme.com\/wp-content\/uploads\/2019\/06\/Audition-fin-dann\u00e9e-2019-2.png 913w\" sizes=\"auto, (max-width: 300px) 100vw, 300px\" \/><\/a>\n\t\t\t<\/div><\/figure><figure class='gallery-item'>\n\t\t\t<div class='gallery-icon landscape'>\n\t\t\t\t<a href='https:\/\/myriamdarme.com\/audition-fin-dannee-2019-3\/'><img loading=\"lazy\" decoding=\"async\" width=\"300\" height=\"191\" src=\"https:\/\/myriamdarme.com\/wp-content\/uploads\/2019\/06\/Audition-fin-dann\u00e9e-2019-3-300x191.png\" class=\"attachment-medium size-medium\" alt=\"\" srcset=\"https:\/\/myriamdarme.com\/wp-content\/uploads\/2019\/06\/Audition-fin-dann\u00e9e-2019-3-300x191.png 300w, https:\/\/myriamdarme.com\/wp-content\/uploads\/2019\/06\/Audition-fin-dann\u00e9e-2019-3.png 737w\" sizes=\"auto, (max-width: 300px) 100vw, 300px\" \/><\/a>\n\t\t\t<\/div><\/figure><figure class='gallery-item'>\n\t\t\t<div class='gallery-icon landscape'>\n\t\t\t\t<a href='https:\/\/myriamdarme.com\/audition-fin-dannee-2019-4\/'><img loading=\"lazy\" decoding=\"async\" width=\"300\" height=\"154\" src=\"https:\/\/myriamdarme.com\/wp-content\/uploads\/2019\/06\/Audition-fin-dann\u00e9e-2019-4-300x154.png\" class=\"attachment-medium size-medium\" alt=\"\" srcset=\"https:\/\/myriamdarme.com\/wp-content\/uploads\/2019\/06\/Audition-fin-dann\u00e9e-2019-4-300x154.png 300w, https:\/\/myriamdarme.com\/wp-content\/uploads\/2019\/06\/Audition-fin-dann\u00e9e-2019-4-768x395.png 768w, https:\/\/myriamdarme.com\/wp-content\/uploads\/2019\/06\/Audition-fin-dann\u00e9e-2019-4.png 821w\" sizes=\"auto, (max-width: 300px) 100vw, 300px\" \/><\/a>\n\t\t\t<\/div><\/figure><figure class='gallery-item'>\n\t\t\t<div class='gallery-icon landscape'>\n\t\t\t\t<a href='https:\/\/myriamdarme.com\/audition-fin-dannee-2019-5\/'><img loading=\"lazy\" decoding=\"async\" width=\"300\" height=\"152\" src=\"https:\/\/myriamdarme.com\/wp-content\/uploads\/2019\/06\/Audition-fin-dann\u00e9e-2019-5-300x152.png\" class=\"attachment-medium size-medium\" alt=\"\" srcset=\"https:\/\/myriamdarme.com\/wp-content\/uploads\/2019\/06\/Audition-fin-dann\u00e9e-2019-5-300x152.png 300w, https:\/\/myriamdarme.com\/wp-content\/uploads\/2019\/06\/Audition-fin-dann\u00e9e-2019-5.png 748w\" sizes=\"auto, (max-width: 300px) 100vw, 300px\" \/><\/a>\n\t\t\t<\/div><\/figure><figure class='gallery-item'>\n\t\t\t<div class='gallery-icon landscape'>\n\t\t\t\t<a href='https:\/\/myriamdarme.com\/audition-fin-dannee-2019-6\/'><img loading=\"lazy\" decoding=\"async\" width=\"300\" height=\"154\" src=\"https:\/\/myriamdarme.com\/wp-content\/uploads\/2019\/06\/Audition-fin-dann\u00e9e-2019-6-300x154.png\" class=\"attachment-medium size-medium\" alt=\"\" srcset=\"https:\/\/myriamdarme.com\/wp-content\/uploads\/2019\/06\/Audition-fin-dann\u00e9e-2019-6-300x154.png 300w, https:\/\/myriamdarme.com\/wp-content\/uploads\/2019\/06\/Audition-fin-dann\u00e9e-2019-6.png 762w\" sizes=\"auto, (max-width: 300px) 100vw, 300px\" \/><\/a>\n\t\t\t<\/div><\/figure>\n\t\t<\/div>\n\n<pre><span style=\"color: #ff0000;\"><em><strong>Concert au Foyer Alice Girou \u00e0 L\u00e8ge le mercredi 8 mai 2019<\/strong><\/em><\/span><\/pre>\n<p><img loading=\"lazy\" decoding=\"async\" class=\"wp-image-3437 alignright\" src=\"https:\/\/myriamdarme.com\/wp-content\/uploads\/2019\/05\/Foyer-Alice-Girou-ensemble-junior-Marcheprime-8-mai-2019.jpg\" alt=\"\" width=\"406\" height=\"228\" srcset=\"https:\/\/myriamdarme.com\/wp-content\/uploads\/2019\/05\/Foyer-Alice-Girou-ensemble-junior-Marcheprime-8-mai-2019.jpg 2000w, https:\/\/myriamdarme.com\/wp-content\/uploads\/2019\/05\/Foyer-Alice-Girou-ensemble-junior-Marcheprime-8-mai-2019-300x169.jpg 300w, https:\/\/myriamdarme.com\/wp-content\/uploads\/2019\/05\/Foyer-Alice-Girou-ensemble-junior-Marcheprime-8-mai-2019-768x432.jpg 768w, https:\/\/myriamdarme.com\/wp-content\/uploads\/2019\/05\/Foyer-Alice-Girou-ensemble-junior-Marcheprime-8-mai-2019-1024x576.jpg 1024w, https:\/\/myriamdarme.com\/wp-content\/uploads\/2019\/05\/Foyer-Alice-Girou-ensemble-junior-Marcheprime-8-mai-2019-1140x641.jpg 1140w\" sizes=\"auto, (max-width: 406px) 100vw, 406px\" \/><\/p>\n<p>&nbsp;<\/p>\n<pre><span style=\"color: #ff0000;\"><em><strong>Concert \u00e0 la maison de retraite le samedi 12 janvier 2019<\/strong><\/em><\/span><\/pre>\n<div id='gallery-5' class='gallery galleryid-167 gallery-columns-3 gallery-size-thumbnail'><figure class='gallery-item'>\n\t\t\t<div class='gallery-icon landscape'>\n\t\t\t\t<a href='https:\/\/myriamdarme.com\/index.php\/actualites-de-mes-classes\/ecole-de-musique-de-marcheprime\/audition-maison-de-retraite-marcheprime-12-janvier-2019\/'><img loading=\"lazy\" decoding=\"async\" width=\"150\" height=\"150\" src=\"https:\/\/myriamdarme.com\/wp-content\/uploads\/2019\/01\/Audition-maison-de-retraite-Marcheprime-12-janvier-2019-150x150.jpg\" class=\"attachment-thumbnail size-thumbnail\" alt=\"\" \/><\/a>\n\t\t\t<\/div><\/figure><figure class='gallery-item'>\n\t\t\t<div class='gallery-icon landscape'>\n\t\t\t\t<a href='https:\/\/myriamdarme.com\/index.php\/actualites-de-mes-classes\/ecole-de-musique-de-marcheprime\/audition-maison-de-retraite-marcheprime-12-janvier-2019-6\/'><img loading=\"lazy\" decoding=\"async\" width=\"150\" height=\"150\" src=\"https:\/\/myriamdarme.com\/wp-content\/uploads\/2019\/01\/Audition-maison-de-retraite-Marcheprime-12-janvier-2019-6-150x150.jpg\" class=\"attachment-thumbnail size-thumbnail\" alt=\"\" \/><\/a>\n\t\t\t<\/div><\/figure><figure class='gallery-item'>\n\t\t\t<div class='gallery-icon landscape'>\n\t\t\t\t<a href='https:\/\/myriamdarme.com\/index.php\/actualites-de-mes-classes\/ecole-de-musique-de-marcheprime\/audition-maison-de-retraite-marcheprime-12-janvier-2019-5\/'><img loading=\"lazy\" decoding=\"async\" width=\"150\" height=\"150\" src=\"https:\/\/myriamdarme.com\/wp-content\/uploads\/2019\/01\/Audition-maison-de-retraite-Marcheprime-12-janvier-2019-5-150x150.jpg\" class=\"attachment-thumbnail size-thumbnail\" alt=\"\" \/><\/a>\n\t\t\t<\/div><\/figure><figure class='gallery-item'>\n\t\t\t<div class='gallery-icon landscape'>\n\t\t\t\t<a href='https:\/\/myriamdarme.com\/index.php\/actualites-de-mes-classes\/ecole-de-musique-de-marcheprime\/audition-maison-de-retraite-marcheprime-12-janvier-2019-4\/'><img loading=\"lazy\" decoding=\"async\" width=\"150\" height=\"150\" src=\"https:\/\/myriamdarme.com\/wp-content\/uploads\/2019\/01\/Audition-maison-de-retraite-Marcheprime-12-janvier-2019-4-150x150.jpg\" class=\"attachment-thumbnail size-thumbnail\" alt=\"\" \/><\/a>\n\t\t\t<\/div><\/figure><figure class='gallery-item'>\n\t\t\t<div class='gallery-icon landscape'>\n\t\t\t\t<a href='https:\/\/myriamdarme.com\/index.php\/actualites-de-mes-classes\/ecole-de-musique-de-marcheprime\/audition-maison-de-retraite-marcheprime-12-janvier-2019-3\/'><img loading=\"lazy\" decoding=\"async\" width=\"150\" height=\"150\" src=\"https:\/\/myriamdarme.com\/wp-content\/uploads\/2019\/01\/Audition-maison-de-retraite-Marcheprime-12-janvier-2019-3-150x150.jpg\" class=\"attachment-thumbnail size-thumbnail\" alt=\"\" \/><\/a>\n\t\t\t<\/div><\/figure><figure class='gallery-item'>\n\t\t\t<div class='gallery-icon landscape'>\n\t\t\t\t<a href='https:\/\/myriamdarme.com\/index.php\/actualites-de-mes-classes\/ecole-de-musique-de-marcheprime\/audition-maison-de-retraite-marcheprime-12-janvier-2019-2\/'><img loading=\"lazy\" decoding=\"async\" width=\"150\" height=\"150\" src=\"https:\/\/myriamdarme.com\/wp-content\/uploads\/2019\/01\/Audition-maison-de-retraite-Marcheprime-12-janvier-2019-2-150x150.jpg\" class=\"attachment-thumbnail size-thumbnail\" alt=\"\" \/><\/a>\n\t\t\t<\/div><\/figure>\n\t\t<\/div>\n\n<pre>\u00a0<\/pre>\n<ul>\n<li style=\"text-align: left;\"><strong>III cycle A<\/strong> : Duo de Devienne th\u00e8me et variations\n<!--[if lt IE 9]><script>document.createElement('audio');<\/script><![endif]-->\n<audio class=\"wp-audio-shortcode\" id=\"audio-167-1\" preload=\"none\" style=\"width: 100%;\" controls=\"controls\"><source type=\"audio\/mpeg\" src=\"https:\/\/myriamdarme.com\/wp-content\/uploads\/2016\/03\/Lucille-duo-Devienne-2018.mp3?_=1\" \/><a href=\"https:\/\/myriamdarme.com\/wp-content\/uploads\/2016\/03\/Lucille-duo-Devienne-2018.mp3\">https:\/\/myriamdarme.com\/wp-content\/uploads\/2016\/03\/Lucille-duo-Devienne-2018.mp3<\/a><\/audio>\n<p>et Sonate de Telemann : Allegro et Dolce<\/p>\n<audio class=\"wp-audio-shortcode\" id=\"audio-167-2\" preload=\"none\" style=\"width: 100%;\" controls=\"controls\"><source type=\"audio\/mpeg\" src=\"https:\/\/myriamdarme.com\/wp-content\/uploads\/2016\/03\/Lucille-Teleman-2018.mp3?_=2\" \/><a href=\"https:\/\/myriamdarme.com\/wp-content\/uploads\/2016\/03\/Lucille-Teleman-2018.mp3\">https:\/\/myriamdarme.com\/wp-content\/uploads\/2016\/03\/Lucille-Teleman-2018.mp3<\/a><\/audio>\n<\/li>\n<\/ul>","protected":false},"excerpt":{"rendered":"<p>Les \u00e9v\u00e8nements \u00e0 venir pour cette ann\u00e9e ! \u00a0 Traces M\u00e9moires 2018\/2024 Nous avons pu r\u00e9aliser des vid\u00e9os avec les diff\u00e9rents ensembles Projet de Pierre et le Loup : d\u00e8s que la situation sanitaire s&rsquo;am\u00e9liorera, nous relancerons ce projet \u00a0 \u00a0 Audition \u00e0 la maison de retraite : samedi 25 janvier 2020 Concert de No\u00ebl<span class=\"excerpt-ellipsis\">&#8230;<\/span><\/p>\n<p><a class=\"more-link\" href=\"https:\/\/myriamdarme.com\/index.php\/actualites-de-mes-classes\/ecole-de-musique-de-marcheprime\/\" itemprop=\"url\">Continue Reading<\/a><\/p>\n","protected":false},"author":1,"featured_media":0,"parent":112,"menu_order":0,"comment_status":"closed","ping_status":"closed","template":"","meta":{"footnotes":""},"class_list":["post-167","page","type-page","status-publish","hentry"],"_links":{"self":[{"href":"https:\/\/myriamdarme.com\/index.php\/wp-json\/wp\/v2\/pages\/167","targetHints":{"allow":["GET"]}}],"collection":[{"href":"https:\/\/myriamdarme.com\/index.php\/wp-json\/wp\/v2\/pages"}],"about":[{"href":"https:\/\/myriamdarme.com\/index.php\/wp-json\/wp\/v2\/types\/page"}],"author":[{"embeddable":true,"href":"https:\/\/myriamdarme.com\/index.php\/wp-json\/wp\/v2\/users\/1"}],"replies":[{"embeddable":true,"href":"https:\/\/myriamdarme.com\/index.php\/wp-json\/wp\/v2\/comments?post=167"}],"version-history":[{"count":17,"href":"https:\/\/myriamdarme.com\/index.php\/wp-json\/wp\/v2\/pages\/167\/revisions"}],"predecessor-version":[{"id":4255,"href":"https:\/\/myriamdarme.com\/index.php\/wp-json\/wp\/v2\/pages\/167\/revisions\/4255"}],"up":[{"embeddable":true,"href":"https:\/\/myriamdarme.com\/index.php\/wp-json\/wp\/v2\/pages\/112"}],"wp:attachment":[{"href":"https:\/\/myriamdarme.com\/index.php\/wp-json\/wp\/v2\/media?parent=167"}],"curies":[{"name":"wp","href":"https:\/\/api.w.org\/{rel}","templated":true}]}}