{"id":1568,"date":"2016-02-02T20:59:50","date_gmt":"2016-02-02T19:59:50","guid":{"rendered":"http:\/\/myriamdarme.com\/?page_id=1568"},"modified":"2022-02-11T11:47:26","modified_gmt":"2022-02-11T10:47:26","slug":"voyage-musical-a-travers-le-monde-projet-2020-2021","status":"publish","type":"page","link":"https:\/\/myriamdarme.com\/index.php\/jumelage-ensemble-traversons\/voyage-musical-a-travers-le-monde-projet-2020-2021\/","title":{"rendered":"Voyage musical autour du monde projet 2021-2022"},"content":{"rendered":"<p><a href=\"https:\/\/myriamdarme.com\/wp-content\/uploads\/2020\/10\/flutesdumonde.png\"><img loading=\"lazy\" decoding=\"async\" class=\"aligncenter wp-image-3872\" src=\"https:\/\/myriamdarme.com\/wp-content\/uploads\/2020\/10\/flutesdumonde.png\" alt=\"\" width=\"676\" height=\"689\" srcset=\"https:\/\/myriamdarme.com\/wp-content\/uploads\/2020\/10\/flutesdumonde.png 3123w, https:\/\/myriamdarme.com\/wp-content\/uploads\/2020\/10\/flutesdumonde-294x300.png 294w, https:\/\/myriamdarme.com\/wp-content\/uploads\/2020\/10\/flutesdumonde-768x783.png 768w, https:\/\/myriamdarme.com\/wp-content\/uploads\/2020\/10\/flutesdumonde-1004x1024.png 1004w, https:\/\/myriamdarme.com\/wp-content\/uploads\/2020\/10\/flutesdumonde-1140x1163.png 1140w\" sizes=\"auto, (max-width: 676px) 100vw, 676px\" \/><\/a><\/p>\n<pre>\u00ab <span style=\"color: #3366ff;\"><em><strong>Voyage musical \u00e0 travers le monde <\/strong><\/em><\/span>\u00bb<\/pre>\n<p>Le temps d\u2019une heure, nous allons vous entra\u00eener dans un voyage folklorique \u00e0 travers le monde. De la Chine au Paraguay, de l\u2019Irlande \u00e0 l\u2019Afrique, la musique est toujours au rendez-vous des f\u00eates humaines. Elle accompagne toutes les \u00e9tapes de la vie : mais \u00e0 chaque pays, son style, ses instruments, ses rythmes\u2026<br \/>\nAller \u00e0 la rencontre de chaque culture passe par ce temps de partage musical. Alors laissez-vous surprendre ou envo\u00fbter. De la Dizi \u00e0 la Quena, du Nay au Whistle, dans chaque contr\u00e9e les fl\u00fbtes traditionnelles sont au rendez-vous : venez les d\u00e9couvrir.<br \/>\nL&rsquo;ensemble de fl\u00fbtes \u00ab Traver\u2019sons \u00bb des \u00e9coles de musique de Coutras, Martignas-sur-Jalle et Marcheprime et les classes de guitares et de percussions vous convient \u00e0 un spectacle de musique du monde.<br \/>\nOrganis\u00e9e par l\u2019Ecole de musique, destin\u00e9e \u00e0 un public de tout \u00e2ge, le spectacle alliera musiques et histoires.<\/p>\n<h4 style=\"text-align: center;\"><strong><span style=\"color: #ff0000;\">Dimanche 16 Janvier 2022 Martignas sur Jalle<\/span><\/strong><\/h4>\n<h4 style=\"text-align: center;\"><strong><span style=\"color: #ff0000;\">Dimanche 6 F\u00e9vrier 2022 17h Salle du Sully \u2013 Gratuit<\/span><\/strong><\/h4>\n<p><a href=\"https:\/\/myriamdarme.com\/wp-content\/uploads\/2022\/01\/Affiche-Coutras.jpg\"><img loading=\"lazy\" decoding=\"async\" class=\"aligncenter size-full wp-image-4030\" src=\"https:\/\/myriamdarme.com\/wp-content\/uploads\/2022\/01\/Affiche-Coutras.jpg\" alt=\"\" width=\"510\" height=\"720\" srcset=\"https:\/\/myriamdarme.com\/wp-content\/uploads\/2022\/01\/Affiche-Coutras.jpg 510w, https:\/\/myriamdarme.com\/wp-content\/uploads\/2022\/01\/Affiche-Coutras-213x300.jpg 213w\" sizes=\"auto, (max-width: 510px) 100vw, 510px\" \/><\/a><\/p>\n<div id='gallery-1' class='gallery galleryid-1568 gallery-columns-2 gallery-size-large'><figure class='gallery-item'>\n\t\t\t<div class='gallery-icon landscape'>\n\t\t\t\t<a href='https:\/\/myriamdarme.com\/index.php\/jumelage-ensemble-traversons\/voyage-musical-a-travers-le-monde-projet-2020-2021\/jumelage-coutras-2022-06022022-_xd_5396_dxo-7mo\/'><img loading=\"lazy\" decoding=\"async\" width=\"1024\" height=\"683\" src=\"https:\/\/myriamdarme.com\/wp-content\/uploads\/2022\/02\/Jumelage-Coutras-2022-06022022-_XD_5396_DxO-7Mo-1024x683.jpg\" class=\"attachment-large size-large\" alt=\"\" srcset=\"https:\/\/myriamdarme.com\/wp-content\/uploads\/2022\/02\/Jumelage-Coutras-2022-06022022-_XD_5396_DxO-7Mo-1024x683.jpg 1024w, https:\/\/myriamdarme.com\/wp-content\/uploads\/2022\/02\/Jumelage-Coutras-2022-06022022-_XD_5396_DxO-7Mo-300x200.jpg 300w, https:\/\/myriamdarme.com\/wp-content\/uploads\/2022\/02\/Jumelage-Coutras-2022-06022022-_XD_5396_DxO-7Mo-768x512.jpg 768w, https:\/\/myriamdarme.com\/wp-content\/uploads\/2022\/02\/Jumelage-Coutras-2022-06022022-_XD_5396_DxO-7Mo-1536x1024.jpg 1536w, https:\/\/myriamdarme.com\/wp-content\/uploads\/2022\/02\/Jumelage-Coutras-2022-06022022-_XD_5396_DxO-7Mo-2048x1366.jpg 2048w, https:\/\/myriamdarme.com\/wp-content\/uploads\/2022\/02\/Jumelage-Coutras-2022-06022022-_XD_5396_DxO-7Mo-1140x760.jpg 1140w\" sizes=\"auto, (max-width: 1024px) 100vw, 1024px\" \/><\/a>\n\t\t\t<\/div><\/figure><figure class='gallery-item'>\n\t\t\t<div class='gallery-icon landscape'>\n\t\t\t\t<a href='https:\/\/myriamdarme.com\/index.php\/jumelage-ensemble-traversons\/voyage-musical-a-travers-le-monde-projet-2020-2021\/jumelage-coutras-2022-06022022-_xd_5228_dxo-7mo\/'><img loading=\"lazy\" decoding=\"async\" width=\"1024\" height=\"683\" src=\"https:\/\/myriamdarme.com\/wp-content\/uploads\/2022\/02\/Jumelage-Coutras-2022-06022022-_XD_5228_DxO-7Mo-1024x683.jpg\" class=\"attachment-large size-large\" alt=\"\" srcset=\"https:\/\/myriamdarme.com\/wp-content\/uploads\/2022\/02\/Jumelage-Coutras-2022-06022022-_XD_5228_DxO-7Mo-1024x683.jpg 1024w, https:\/\/myriamdarme.com\/wp-content\/uploads\/2022\/02\/Jumelage-Coutras-2022-06022022-_XD_5228_DxO-7Mo-300x200.jpg 300w, https:\/\/myriamdarme.com\/wp-content\/uploads\/2022\/02\/Jumelage-Coutras-2022-06022022-_XD_5228_DxO-7Mo-768x512.jpg 768w, https:\/\/myriamdarme.com\/wp-content\/uploads\/2022\/02\/Jumelage-Coutras-2022-06022022-_XD_5228_DxO-7Mo-1536x1024.jpg 1536w, https:\/\/myriamdarme.com\/wp-content\/uploads\/2022\/02\/Jumelage-Coutras-2022-06022022-_XD_5228_DxO-7Mo-2048x1366.jpg 2048w, https:\/\/myriamdarme.com\/wp-content\/uploads\/2022\/02\/Jumelage-Coutras-2022-06022022-_XD_5228_DxO-7Mo-1140x760.jpg 1140w\" sizes=\"auto, (max-width: 1024px) 100vw, 1024px\" \/><\/a>\n\t\t\t<\/div><\/figure><figure class='gallery-item'>\n\t\t\t<div class='gallery-icon landscape'>\n\t\t\t\t<a href='https:\/\/myriamdarme.com\/index.php\/jumelage-ensemble-traversons\/voyage-musical-a-travers-le-monde-projet-2020-2021\/jumelage-coutras-2022-06022022-_xd_5213_dxo-7mo\/'><img loading=\"lazy\" decoding=\"async\" width=\"1024\" height=\"683\" src=\"https:\/\/myriamdarme.com\/wp-content\/uploads\/2022\/02\/Jumelage-Coutras-2022-06022022-_XD_5213_DxO-7Mo-1024x683.jpg\" class=\"attachment-large size-large\" alt=\"\" srcset=\"https:\/\/myriamdarme.com\/wp-content\/uploads\/2022\/02\/Jumelage-Coutras-2022-06022022-_XD_5213_DxO-7Mo-1024x683.jpg 1024w, https:\/\/myriamdarme.com\/wp-content\/uploads\/2022\/02\/Jumelage-Coutras-2022-06022022-_XD_5213_DxO-7Mo-300x200.jpg 300w, https:\/\/myriamdarme.com\/wp-content\/uploads\/2022\/02\/Jumelage-Coutras-2022-06022022-_XD_5213_DxO-7Mo-768x512.jpg 768w, https:\/\/myriamdarme.com\/wp-content\/uploads\/2022\/02\/Jumelage-Coutras-2022-06022022-_XD_5213_DxO-7Mo-1536x1024.jpg 1536w, https:\/\/myriamdarme.com\/wp-content\/uploads\/2022\/02\/Jumelage-Coutras-2022-06022022-_XD_5213_DxO-7Mo-2048x1366.jpg 2048w, https:\/\/myriamdarme.com\/wp-content\/uploads\/2022\/02\/Jumelage-Coutras-2022-06022022-_XD_5213_DxO-7Mo-1140x760.jpg 1140w\" sizes=\"auto, (max-width: 1024px) 100vw, 1024px\" \/><\/a>\n\t\t\t<\/div><\/figure><figure class='gallery-item'>\n\t\t\t<div class='gallery-icon landscape'>\n\t\t\t\t<a href='https:\/\/myriamdarme.com\/index.php\/jumelage-ensemble-traversons\/voyage-musical-a-travers-le-monde-projet-2020-2021\/jumelage-coutras-2022-06022022-_xd_5197_dxo-7mo\/'><img loading=\"lazy\" decoding=\"async\" width=\"1024\" height=\"683\" src=\"https:\/\/myriamdarme.com\/wp-content\/uploads\/2022\/02\/Jumelage-Coutras-2022-06022022-_XD_5197_DxO-7Mo-1024x683.jpg\" class=\"attachment-large size-large\" alt=\"\" srcset=\"https:\/\/myriamdarme.com\/wp-content\/uploads\/2022\/02\/Jumelage-Coutras-2022-06022022-_XD_5197_DxO-7Mo-1024x683.jpg 1024w, https:\/\/myriamdarme.com\/wp-content\/uploads\/2022\/02\/Jumelage-Coutras-2022-06022022-_XD_5197_DxO-7Mo-300x200.jpg 300w, https:\/\/myriamdarme.com\/wp-content\/uploads\/2022\/02\/Jumelage-Coutras-2022-06022022-_XD_5197_DxO-7Mo-768x512.jpg 768w, https:\/\/myriamdarme.com\/wp-content\/uploads\/2022\/02\/Jumelage-Coutras-2022-06022022-_XD_5197_DxO-7Mo-1536x1024.jpg 1536w, https:\/\/myriamdarme.com\/wp-content\/uploads\/2022\/02\/Jumelage-Coutras-2022-06022022-_XD_5197_DxO-7Mo-2048x1366.jpg 2048w, https:\/\/myriamdarme.com\/wp-content\/uploads\/2022\/02\/Jumelage-Coutras-2022-06022022-_XD_5197_DxO-7Mo-1140x760.jpg 1140w\" sizes=\"auto, (max-width: 1024px) 100vw, 1024px\" \/><\/a>\n\t\t\t<\/div><\/figure>\n\t\t<\/div>\n\n<p><span style=\"color: #0000ff;\"><strong>Nous ne nous sommes pas laisser abattre par les confinements\u00a0<\/strong><\/span><\/p>\n<p><span style=\"color: #ff0000;\"><b>\u00a0\u00a0 1 &#8211; Nous avons r\u00e9alis\u00e9 un enregistrement collectif <\/b><\/span>sur le morceau : Vasija de Barro.<\/p>\n<p><a href=\"https:\/\/myriamdarme.com\/wp-content\/uploads\/2020\/11\/Vasija-de-barro-en-Mim.pdf\">Vasija de barro en Mim<\/a><\/p>\n<p>Voici le r\u00e9sultat de notre travail d&rsquo;enregistrement :\u00a0<iframe loading=\"lazy\" src=\"https:\/\/www.youtube.com\/embed\/u9kiVIZ996g\" width=\"560\" height=\"315\" frameborder=\"0\" allowfullscreen=\"allowfullscreen\"><\/iframe><\/p>\n<p><span style=\"color: #ff0000;\"><b>2 &#8211; Et un deuxi\u00e8me enregistrement collectif <\/b><\/span>sur le morceau irlandais : Irish washerwoman.<\/p>\n<p><a href=\"https:\/\/myriamdarme.com\/wp-content\/uploads\/2020\/12\/The-irish-washerwoman-fl\u00fbte-1.pdf\">The irish washerwoman fl\u00fbte 1<\/a><\/p>\n<p><a href=\"https:\/\/myriamdarme.com\/wp-content\/uploads\/2020\/12\/The-irish-washerwoman-fl\u00fbte-1\u00b0-cycle.pdf\">The irish washerwoman fl\u00fbte 1\u00b0 cycle<\/a><\/p>\n<p><a href=\"https:\/\/myriamdarme.com\/wp-content\/uploads\/2020\/12\/The-irish-washerwoman-fl\u00fbte-2.pdf\">The irish washerwoman fl\u00fbte 2<\/a><\/p>\n<p><a href=\"https:\/\/myriamdarme.com\/wp-content\/uploads\/2020\/12\/The-irish-washerwoman-fl\u00fbte-3.pdf\">The irish washerwoman fl\u00fbte 3<\/a><\/p>\n<p><a href=\"https:\/\/myriamdarme.com\/wp-content\/uploads\/2020\/12\/The-irish-washerwoman-fl\u00fbte-4.pdf\">The irish washerwoman fl\u00fbte 4<\/a><\/p>\n<p style=\"text-align: center;\">Voici le r\u00e9sultat :<iframe loading=\"lazy\" title=\"YouTube video player\" src=\"https:\/\/www.youtube.com\/embed\/CQ5ODwyZOlM\" width=\"560\" height=\"315\" frameborder=\"0\" allowfullscreen=\"allowfullscreen\"><\/iframe><\/p>\n<p style=\"text-align: left;\"><b><span style=\"color: #ff0000;\">3- Conte chinois accompagn\u00e9 de solos chinois :<\/span><\/b>\u00a0<b><span style=\"color: #ff0000;\">les 3 fl\u00fbtes sacr\u00e9es<\/span><\/b>.<\/p>\n<p style=\"text-align: center;\">Bravo \u00e0 tous ! projet abouti : <iframe loading=\"lazy\" title=\"YouTube video player\" src=\"https:\/\/www.youtube.com\/embed\/cMrWcmLJ_XU\" width=\"560\" height=\"315\" frameborder=\"0\" allowfullscreen=\"allowfullscreen\"><\/iframe><\/p>\n<p style=\"text-align: left;\"><b><span style=\"color: #ff0000;\">4- De petits ensembles se sont form\u00e9s :\u00a0<\/span><\/b>\u00a0Bravo \u00e0 Anne et Pauline qui ont enregistr\u00e9 cet air irlandais<\/p>\n<p style=\"text-align: center;\"><iframe loading=\"lazy\" title=\"YouTube video player\" src=\"https:\/\/www.youtube.com\/embed\/SaJo21894Ac\" width=\"560\" height=\"315\" frameborder=\"0\" allowfullscreen=\"allowfullscreen\"><\/iframe><\/p>\n<pre><\/pre>\n<ul>\n<li style=\"list-style-type: none;\"><\/li>\n<\/ul>\n<div class=\"padlet-embed\" style=\"border: 1px solid rgba(0,0,0,0.1); border-radius: 2px; box-sizing: border-box; overflow: hidden; position: relative; width: 100%; background: #F4F4F4;\">\n<p style=\"padding: 0; margin: 0;\"><iframe style=\"width: 100%; height: 608px; display: block; padding: 0; margin: 0;\" src=\"https:\/\/padlet.com\/embed\/2901f7yi15tk2jka\" frameborder=\"0\"><\/iframe><\/p>\n<div style=\"padding: 8px; text-align: right; margin: 0;\"><a style=\"padding: 0; margin: 0; border: none; display: block; line-height: 1; height: 16px;\" href=\"https:\/\/padlet.com?ref=embed\" target=\"_blank\" rel=\"noopener\"><img loading=\"lazy\" decoding=\"async\" style=\"padding: 0; margin: 0; background: none; border: none; display: inline; box-shadow: none;\" src=\"https:\/\/padlet.net\/embeds\/made_with_padlet.png\" alt=\"Fait avec Padlet\" width=\"86\" height=\"16\" \/><\/a><\/div>\n<\/div>\n<p><a href=\"https:\/\/myriamdarme.com\/wp-content\/uploads\/2020\/10\/Logo-musiques-du-monde-Traversons.png\"><img loading=\"lazy\" decoding=\"async\" class=\"aligncenter wp-image-3871\" src=\"https:\/\/myriamdarme.com\/wp-content\/uploads\/2020\/10\/Logo-musiques-du-monde-Traversons.png\" alt=\"\" width=\"498\" height=\"412\" srcset=\"https:\/\/myriamdarme.com\/wp-content\/uploads\/2020\/10\/Logo-musiques-du-monde-Traversons.png 1095w, https:\/\/myriamdarme.com\/wp-content\/uploads\/2020\/10\/Logo-musiques-du-monde-Traversons-300x248.png 300w, https:\/\/myriamdarme.com\/wp-content\/uploads\/2020\/10\/Logo-musiques-du-monde-Traversons-768x635.png 768w, https:\/\/myriamdarme.com\/wp-content\/uploads\/2020\/10\/Logo-musiques-du-monde-Traversons-1024x846.png 1024w\" sizes=\"auto, (max-width: 498px) 100vw, 498px\" \/><\/a><\/p>\n","protected":false},"excerpt":{"rendered":"<p>\u00ab Voyage musical \u00e0 travers le monde \u00bb Le temps d\u2019une heure, nous allons vous entra\u00eener dans un voyage folklorique \u00e0 travers le monde. De la Chine au Paraguay, de l\u2019Irlande \u00e0 l\u2019Afrique, la musique est toujours au rendez-vous des f\u00eates humaines. Elle accompagne toutes les \u00e9tapes de la vie : mais \u00e0 chaque pays,<span class=\"excerpt-ellipsis\">&#8230;<\/span><\/p>\n<p><a class=\"more-link\" href=\"https:\/\/myriamdarme.com\/index.php\/jumelage-ensemble-traversons\/voyage-musical-a-travers-le-monde-projet-2020-2021\/\" itemprop=\"url\">Continue Reading<\/a><\/p>\n","protected":false},"author":1,"featured_media":0,"parent":136,"menu_order":0,"comment_status":"closed","ping_status":"closed","template":"","meta":{"footnotes":""},"class_list":["post-1568","page","type-page","status-publish","hentry"],"_links":{"self":[{"href":"https:\/\/myriamdarme.com\/index.php\/wp-json\/wp\/v2\/pages\/1568","targetHints":{"allow":["GET"]}}],"collection":[{"href":"https:\/\/myriamdarme.com\/index.php\/wp-json\/wp\/v2\/pages"}],"about":[{"href":"https:\/\/myriamdarme.com\/index.php\/wp-json\/wp\/v2\/types\/page"}],"author":[{"embeddable":true,"href":"https:\/\/myriamdarme.com\/index.php\/wp-json\/wp\/v2\/users\/1"}],"replies":[{"embeddable":true,"href":"https:\/\/myriamdarme.com\/index.php\/wp-json\/wp\/v2\/comments?post=1568"}],"version-history":[{"count":58,"href":"https:\/\/myriamdarme.com\/index.php\/wp-json\/wp\/v2\/pages\/1568\/revisions"}],"predecessor-version":[{"id":4044,"href":"https:\/\/myriamdarme.com\/index.php\/wp-json\/wp\/v2\/pages\/1568\/revisions\/4044"}],"up":[{"embeddable":true,"href":"https:\/\/myriamdarme.com\/index.php\/wp-json\/wp\/v2\/pages\/136"}],"wp:attachment":[{"href":"https:\/\/myriamdarme.com\/index.php\/wp-json\/wp\/v2\/media?parent=1568"}],"curies":[{"name":"wp","href":"https:\/\/api.w.org\/{rel}","templated":true}]}}